{"id":697,"date":"2025-08-04T09:26:21","date_gmt":"2025-08-04T09:26:21","guid":{"rendered":"https:\/\/dronmf.es\/?page_id=697"},"modified":"2026-03-17T11:50:23","modified_gmt":"2026-03-17T11:50:23","slug":"com-ho-fem","status":"publish","type":"page","link":"https:\/\/dronmf.es\/ca\/com-ho-fem\/","title":{"rendered":"Com ho fem?"},"content":{"rendered":"<p>[et_pb_section fb_built=&#8221;1&#8243; fullwidth=&#8221;on&#8221; _builder_version=&#8221;4.27.4&#8243; _module_preset=&#8221;default&#8221; locked=&#8221;off&#8221; global_colors_info=&#8221;{}&#8221;][et_pb_fullwidth_slider _builder_version=&#8221;4.27.4&#8243; _module_preset=&#8221;default&#8221; custom_padding=&#8221;103px||101px|||&#8221; hover_enabled=&#8221;0&#8243; global_colors_info=&#8221;{%22gcid-4907c8d4-9eff-49de-91ce-43a2d3a729cf%22:%91%22bg_overlay_color%22,%22bg_overlay_color%22%93,%22gcid-a120dee9-9f15-4008-94b8-5da73e7802cc%22:%91%22body_text_color%22,%22body_text_color%22%93}&#8221; sticky_enabled=&#8221;0&#8243;][et_pb_slide heading=&#8221;Com ho fem?&#8221; use_bg_overlay=&#8221;on&#8221; _builder_version=&#8221;4.27.4&#8243; _module_preset=&#8221;default&#8221; background_image=&#8221;https:\/\/dronmf.es\/wp-content\/uploads\/2025\/08\/vista1.png&#8221; background_enable_image=&#8221;on&#8221; text_shadow_style=&#8221;preset1&#8243; global_colors_info=&#8221;{}&#8221; sticky_transition=&#8221;on&#8221;]<\/p>\n<h2>El nostre proc\u00e9s \u00e9s meticul\u00f3s i centrat en el client, dissenyat per garantir resultats impecables i una experi\u00e8ncia fluida<\/h2>\n<p>[\/et_pb_slide][\/et_pb_fullwidth_slider][\/et_pb_section][et_pb_section fb_built=&#8221;1&#8243; _builder_version=&#8221;4.27.4&#8243; _module_preset=&#8221;default&#8221; background_image=&#8221;https:\/\/dronmf.es\/wp-content\/uploads\/2025\/08\/EVO-Lite-Enterprise-Lifestyle-1.webp&#8221; custom_padding=&#8221;||20px|||&#8221; locked=&#8221;off&#8221; global_colors_info=&#8221;{}&#8221;][et_pb_row column_structure=&#8221;1_3,1_3,1_3&#8243; _builder_version=&#8221;4.27.4&#8243; _module_preset=&#8221;default&#8221; custom_padding=&#8221;||9px|||&#8221; global_colors_info=&#8221;{}&#8221;][et_pb_column type=&#8221;1_3&#8243; _builder_version=&#8221;4.27.4&#8243; _module_preset=&#8221;default&#8221; global_colors_info=&#8221;{}&#8221;][et_pb_heading title=&#8221;1. Briefing Profund &#038; Planificaci\u00f3 Estrat\u00e8gica&#8221; _builder_version=&#8221;4.27.4&#8243; _module_preset=&#8221;default&#8221; title_text_align=&#8221;center&#8221; title_text_color=&#8221;#FFFFFF&#8221; title_font_size=&#8221;25px&#8221; background_color=&#8221;rgba(0,0,0,0.62)&#8221; custom_padding=&#8221;10px|5px||5px|false|false&#8221; global_colors_info=&#8221;{}&#8221;][\/et_pb_heading][\/et_pb_column][et_pb_column type=&#8221;1_3&#8243; _builder_version=&#8221;4.27.4&#8243; _module_preset=&#8221;default&#8221; global_colors_info=&#8221;{}&#8221;][\/et_pb_column][et_pb_column type=&#8221;1_3&#8243; _builder_version=&#8221;4.27.4&#8243; _module_preset=&#8221;default&#8221; global_colors_info=&#8221;{}&#8221;][et_pb_heading title=&#8221;2. Reconeixement tecnicolegal&#8221; _builder_version=&#8221;4.27.4&#8243; _module_preset=&#8221;default&#8221; title_text_align=&#8221;center&#8221; title_text_color=&#8221;#FFFFFF&#8221; title_font_size=&#8221;25px&#8221; background_color=&#8221;rgba(0,0,0,0.62)&#8221; custom_padding=&#8221;10px|5px||5px|false|false&#8221; global_colors_info=&#8221;{}&#8221;][\/et_pb_heading][\/et_pb_column][\/et_pb_row][et_pb_row column_structure=&#8221;1_3,1_3,1_3&#8243; _builder_version=&#8221;4.27.4&#8243; _module_preset=&#8221;default&#8221; custom_padding=&#8221;||9px|||&#8221; global_colors_info=&#8221;{}&#8221;][et_pb_column type=&#8221;1_3&#8243; _builder_version=&#8221;4.27.4&#8243; _module_preset=&#8221;default&#8221; global_colors_info=&#8221;{}&#8221;][et_pb_heading title=&#8221;3. Pressupost Tancat &#038; Confirmaci\u00f3&#8221; _builder_version=&#8221;4.27.4&#8243; _module_preset=&#8221;default&#8221; title_text_align=&#8221;center&#8221; title_text_color=&#8221;#FFFFFF&#8221; title_font_size=&#8221;25px&#8221; background_color=&#8221;rgba(0,0,0,0.62)&#8221; custom_padding=&#8221;10px|5px||5px|false|false&#8221; global_colors_info=&#8221;{}&#8221;][\/et_pb_heading][\/et_pb_column][et_pb_column type=&#8221;1_3&#8243; _builder_version=&#8221;4.27.4&#8243; _module_preset=&#8221;default&#8221; global_colors_info=&#8221;{}&#8221;][\/et_pb_column][et_pb_column type=&#8221;1_3&#8243; _builder_version=&#8221;4.27.4&#8243; _module_preset=&#8221;default&#8221; global_colors_info=&#8221;{}&#8221;][et_pb_heading title=&#8221;4. Execuci\u00f3 Professional&#8221; _builder_version=&#8221;4.27.4&#8243; _module_preset=&#8221;default&#8221; title_text_align=&#8221;center&#8221; title_text_color=&#8221;#FFFFFF&#8221; title_font_size=&#8221;25px&#8221; background_color=&#8221;rgba(0,0,0,0.62)&#8221; custom_padding=&#8221;10px|5px||5px|false|false&#8221; global_colors_info=&#8221;{}&#8221;][\/et_pb_heading][\/et_pb_column][\/et_pb_row][et_pb_row column_structure=&#8221;1_3,1_3,1_3&#8243; _builder_version=&#8221;4.27.4&#8243; _module_preset=&#8221;default&#8221; custom_padding=&#8221;||9px|||&#8221; global_colors_info=&#8221;{}&#8221;][et_pb_column type=&#8221;1_3&#8243; _builder_version=&#8221;4.27.4&#8243; _module_preset=&#8221;default&#8221; global_colors_info=&#8221;{}&#8221;][et_pb_heading title=&#8221;5. Postproducci\u00f3 amb Valor Afegit&#8221; _builder_version=&#8221;4.27.4&#8243; _module_preset=&#8221;default&#8221; title_text_align=&#8221;center&#8221; title_text_color=&#8221;#FFFFFF&#8221; title_font_size=&#8221;25px&#8221; background_color=&#8221;rgba(0,0,0,0.62)&#8221; custom_padding=&#8221;10px|5px||5px|false|false&#8221; global_colors_info=&#8221;{}&#8221;][\/et_pb_heading][\/et_pb_column][et_pb_column type=&#8221;1_3&#8243; _builder_version=&#8221;4.27.4&#8243; _module_preset=&#8221;default&#8221; global_colors_info=&#8221;{}&#8221;][\/et_pb_column][et_pb_column type=&#8221;1_3&#8243; _builder_version=&#8221;4.27.4&#8243; _module_preset=&#8221;default&#8221; global_colors_info=&#8221;{}&#8221;][et_pb_heading title=&#8221;6. Lliurament \u00c0gil&#8221; _builder_version=&#8221;4.27.4&#8243; _module_preset=&#8221;default&#8221; title_text_align=&#8221;center&#8221; title_text_color=&#8221;#FFFFFF&#8221; title_font_size=&#8221;25px&#8221; background_color=&#8221;rgba(0,0,0,0.62)&#8221; custom_padding=&#8221;25px|5px|20px|5px|false|false&#8221; global_colors_info=&#8221;{}&#8221;][\/et_pb_heading][\/et_pb_column][\/et_pb_row][\/et_pb_section]<\/p>\n","protected":false},"excerpt":{"rendered":"<p>El nostre proc\u00e9s \u00e9s meticul\u00f3s i centrat en el client, dissenyat per garantir resultats impecables i una experi\u00e8ncia fluida<\/p>\n","protected":false},"author":1,"featured_media":0,"parent":0,"menu_order":0,"comment_status":"closed","ping_status":"closed","template":"","meta":{"_et_pb_use_builder":"on","_et_pb_old_content":"<p>[et_pb_section fb_built=\"1\" fullwidth=\"on\" _builder_version=\"4.27.4\" _module_preset=\"default\" locked=\"off\" global_colors_info=\"{}\"][et_pb_fullwidth_slider _builder_version=\"4.27.4\" _module_preset=\"default\" custom_padding=\"103px||101px|||\" global_colors_info=\"{%22gcid-4907c8d4-9eff-49de-91ce-43a2d3a729cf%22:%91%22bg_overlay_color%22,%22bg_overlay_color%22%93,%22gcid-a120dee9-9f15-4008-94b8-5da73e7802cc%22:%91%22body_text_color%22,%22body_text_color%22%93}\"][et_pb_slide heading=\"\u00bfC\u00f3mo lo hacemos?\" use_bg_overlay=\"on\" _builder_version=\"4.27.4\" _module_preset=\"default\" background_image=\"https:\/\/dronmf.es\/wp-content\/uploads\/2025\/08\/vista1.png\" background_enable_image=\"on\" text_shadow_style=\"preset1\" global_colors_info=\"{}\" sticky_transition=\"on\"]<\/p><h2>Nuestro proceso es meticuloso y centrado en el cliente, dise\u00f1ado para garantizar resultados impecables y una experiencia fluida<\/h2><p>[\/et_pb_slide][\/et_pb_fullwidth_slider][\/et_pb_section][et_pb_section fb_built=\"1\" _builder_version=\"4.27.4\" _module_preset=\"default\" background_image=\"https:\/\/dronmf.es\/wp-content\/uploads\/2025\/08\/EVO-Lite-Enterprise-Lifestyle-1.webp\" custom_padding=\"||20px|||\" locked=\"off\" global_colors_info=\"{}\"][et_pb_row column_structure=\"1_3,1_3,1_3\" _builder_version=\"4.27.4\" _module_preset=\"default\" custom_padding=\"||9px|||\" global_colors_info=\"{}\"][et_pb_column type=\"1_3\" _builder_version=\"4.27.4\" _module_preset=\"default\" global_colors_info=\"{}\"][et_pb_heading title=\"1. Briefing Profundo & Planificaci\u00f3n Estrat\u00e9gica\" _builder_version=\"4.27.4\" _module_preset=\"default\" title_text_align=\"center\" title_font_size=\"25px\" hover_enabled=\"0\" global_colors_info=\"{}\" background_color=\"rgba(0,0,0,0.62)\" title_text_color=\"#FFFFFF\" custom_padding=\"10px|5px||5px|false|false\" sticky_enabled=\"0\"][\/et_pb_heading][\/et_pb_column][et_pb_column type=\"1_3\" _builder_version=\"4.27.4\" _module_preset=\"default\" global_colors_info=\"{}\"][\/et_pb_column][et_pb_column type=\"1_3\" _builder_version=\"4.27.4\" _module_preset=\"default\" global_colors_info=\"{}\"][et_pb_heading title=\"2. Reconocimiento T\u00e9cnico-Legal\" _builder_version=\"4.27.4\" _module_preset=\"default\" title_text_align=\"center\" title_font_size=\"25px\" hover_enabled=\"0\" global_colors_info=\"{}\" background_color=\"rgba(0,0,0,0.62)\" title_text_color=\"#FFFFFF\" custom_padding=\"10px|5px||5px|false|false\" sticky_enabled=\"0\"][\/et_pb_heading][\/et_pb_column][\/et_pb_row][et_pb_row column_structure=\"1_3,1_3,1_3\" _builder_version=\"4.27.4\" _module_preset=\"default\" custom_padding=\"||9px|||\" global_colors_info=\"{}\"][et_pb_column type=\"1_3\" _builder_version=\"4.27.4\" _module_preset=\"default\" global_colors_info=\"{}\"][et_pb_heading title=\"3. Presupuesto Cerrado & Confirmaci\u00f3n\" _builder_version=\"4.27.4\" _module_preset=\"default\" title_text_align=\"center\" title_font_size=\"25px\" hover_enabled=\"0\" global_colors_info=\"{}\" background_color=\"rgba(0,0,0,0.62)\" title_text_color=\"#FFFFFF\" custom_padding=\"10px|5px||5px|false|false\" sticky_enabled=\"0\"][\/et_pb_heading][\/et_pb_column][et_pb_column type=\"1_3\" _builder_version=\"4.27.4\" _module_preset=\"default\" global_colors_info=\"{}\"][\/et_pb_column][et_pb_column type=\"1_3\" _builder_version=\"4.27.4\" _module_preset=\"default\" global_colors_info=\"{}\"][et_pb_heading title=\"4. Ejecuci\u00f3n Profesional\" _builder_version=\"4.27.4\" _module_preset=\"default\" title_text_align=\"center\" title_font_size=\"25px\" hover_enabled=\"0\" global_colors_info=\"{}\" background_color=\"rgba(0,0,0,0.62)\" title_text_color=\"#FFFFFF\" custom_padding=\"10px|5px||5px|false|false\" sticky_enabled=\"0\"][\/et_pb_heading][\/et_pb_column][\/et_pb_row][et_pb_row column_structure=\"1_3,1_3,1_3\" _builder_version=\"4.27.4\" _module_preset=\"default\" custom_padding=\"||9px|||\" global_colors_info=\"{}\"][et_pb_column type=\"1_3\" _builder_version=\"4.27.4\" _module_preset=\"default\" global_colors_info=\"{}\"][et_pb_heading title=\"5. Posproducci\u00f3n con Valor A\u00f1adido\" _builder_version=\"4.27.4\" _module_preset=\"default\" title_text_align=\"center\" title_font_size=\"25px\" hover_enabled=\"0\" global_colors_info=\"{}\" background_color=\"rgba(0,0,0,0.62)\" title_text_color=\"#FFFFFF\" custom_padding=\"10px|5px||5px|false|false\" sticky_enabled=\"0\"][\/et_pb_heading][\/et_pb_column][et_pb_column type=\"1_3\" _builder_version=\"4.27.4\" _module_preset=\"default\" global_colors_info=\"{}\"][\/et_pb_column][et_pb_column type=\"1_3\" _builder_version=\"4.27.4\" _module_preset=\"default\" global_colors_info=\"{}\"][et_pb_heading title=\"6. Entrega \u00c1gil\" _builder_version=\"4.27.4\" _module_preset=\"default\" title_text_align=\"center\" title_font_size=\"25px\" hover_enabled=\"0\" global_colors_info=\"{}\" background_color=\"rgba(0,0,0,0.62)\" title_text_color=\"#FFFFFF\" custom_padding=\"25px|5px|20px|5px|false|false\" sticky_enabled=\"0\"][\/et_pb_heading][\/et_pb_column][\/et_pb_row][\/et_pb_section][et_pb_section fb_built=\"1\" _builder_version=\"4.27.4\" _module_preset=\"default\" custom_padding=\"4px||0px|||\" locked=\"off\" global_colors_info=\"{}\"][et_pb_row _builder_version=\"4.27.4\" _module_preset=\"default\" custom_padding=\"8px||7px|||\" global_colors_info=\"{}\"][et_pb_column type=\"4_4\" _builder_version=\"4.27.4\" _module_preset=\"default\" global_colors_info=\"{}\"][et_pb_text _builder_version=\"4.27.4\" _module_preset=\"default\" global_colors_info=\"{}\"]<\/p><h3 style=\"text-align: center;\">Algunos Ejemplos<\/h3><p>[\/et_pb_text][\/et_pb_column][\/et_pb_row][et_pb_row column_structure=\"1_3,1_3,1_3\" _builder_version=\"4.27.4\" _module_preset=\"default\" width=\"100%\" max_width=\"1503px\" custom_padding=\"4px||32px|||\" locked=\"off\" global_colors_info=\"{}\"][et_pb_column type=\"1_3\" _builder_version=\"4.27.4\" _module_preset=\"default\" global_colors_info=\"{}\"][et_pb_video src_webm=\"https:\/\/dronmf.es\/videos\/Rural1.mp4\" _builder_version=\"4.27.4\" _module_preset=\"default\" global_colors_info=\"{}\"][\/et_pb_video][\/et_pb_column][et_pb_column type=\"1_3\" _builder_version=\"4.27.4\" _module_preset=\"default\" global_colors_info=\"{}\"][et_pb_video src_webm=\"https:\/\/dronmf.es\/videos\/Rural5.mp4\" _builder_version=\"4.27.4\" _module_preset=\"default\" global_colors_info=\"{}\"][\/et_pb_video][\/et_pb_column][et_pb_column type=\"1_3\" _builder_version=\"4.27.4\" _module_preset=\"default\" global_colors_info=\"{}\"][et_pb_video src_webm=\"https:\/\/dronmf.es\/videos\/Rural2.mp4\" _builder_version=\"4.27.4\" _module_preset=\"default\" global_colors_info=\"{}\"][\/et_pb_video][\/et_pb_column][\/et_pb_row][\/et_pb_section]<\/p>","_et_gb_content_width":"","footnotes":""},"class_list":["post-697","page","type-page","status-publish","hentry"],"_links":{"self":[{"href":"https:\/\/dronmf.es\/ca\/wp-json\/wp\/v2\/pages\/697","targetHints":{"allow":["GET"]}}],"collection":[{"href":"https:\/\/dronmf.es\/ca\/wp-json\/wp\/v2\/pages"}],"about":[{"href":"https:\/\/dronmf.es\/ca\/wp-json\/wp\/v2\/types\/page"}],"author":[{"embeddable":true,"href":"https:\/\/dronmf.es\/ca\/wp-json\/wp\/v2\/users\/1"}],"replies":[{"embeddable":true,"href":"https:\/\/dronmf.es\/ca\/wp-json\/wp\/v2\/comments?post=697"}],"version-history":[{"count":4,"href":"https:\/\/dronmf.es\/ca\/wp-json\/wp\/v2\/pages\/697\/revisions"}],"predecessor-version":[{"id":896,"href":"https:\/\/dronmf.es\/ca\/wp-json\/wp\/v2\/pages\/697\/revisions\/896"}],"wp:attachment":[{"href":"https:\/\/dronmf.es\/ca\/wp-json\/wp\/v2\/media?parent=697"}],"curies":[{"name":"wp","href":"https:\/\/api.w.org\/{rel}","templated":true}]}}