{"id":713,"date":"2025-08-04T16:50:40","date_gmt":"2025-08-04T16:50:40","guid":{"rendered":"https:\/\/dronmf.es\/?page_id=713"},"modified":"2026-03-17T11:51:31","modified_gmt":"2026-03-17T11:51:31","slug":"ambit-geografic","status":"publish","type":"page","link":"https:\/\/dronmf.es\/ca\/ambit-geografic\/","title":{"rendered":"\u00c0mbit Geogr\u00e0fic"},"content":{"rendered":"<p>[et_pb_section fb_built=&#8221;1&#8243; fullwidth=&#8221;on&#8221; _builder_version=&#8221;4.27.4&#8243; _module_preset=&#8221;default&#8221; locked=&#8221;off&#8221; global_colors_info=&#8221;{}&#8221;][et_pb_fullwidth_slider _builder_version=&#8221;4.27.4&#8243; _module_preset=&#8221;default&#8221; custom_padding=&#8221;103px||101px|||&#8221; global_colors_info=&#8221;{%22gcid-4907c8d4-9eff-49de-91ce-43a2d3a729cf%22:%91%22bg_overlay_color%22,%22bg_overlay_color%22,%22bg_overlay_color%22,%22bg_overlay_color%22%93,%22gcid-a120dee9-9f15-4008-94b8-5da73e7802cc%22:%91%22body_text_color%22,%22body_text_color%22,%22body_text_color%22,%22body_text_color%22%93}&#8221;][et_pb_slide heading=&#8221;\u00c0mbit Geogr\u00e0fic&#8221; use_bg_overlay=&#8221;on&#8221; _builder_version=&#8221;4.27.4&#8243; _module_preset=&#8221;default&#8221; background_image=&#8221;https:\/\/dronmf.es\/wp-content\/uploads\/2025\/08\/mapa2.webp&#8221; background_enable_image=&#8221;on&#8221; text_shadow_style=&#8221;preset1&#8243; global_colors_info=&#8221;{}&#8221; sticky_transition=&#8221;on&#8221;]<\/p>\n<h2>La nostra base operativa est\u00e0 s\u00f2lidament establerta a\u00a0<strong>Catalunya<\/strong>\u00a0i les\u00a0<strong>Illes Balears<\/strong>, regions que coneixem en profunditat.<\/h2>\n<p>[\/et_pb_slide][\/et_pb_fullwidth_slider][\/et_pb_section][et_pb_section fb_built=&#8221;1&#8243; admin_label=&#8221;Footer&#8221; _builder_version=&#8221;4.27.4&#8243; _module_preset=&#8221;default&#8221; custom_padding=&#8221;28px||19px|||&#8221; locked=&#8221;off&#8221; collapsed=&#8221;off&#8221; global_colors_info=&#8221;{}&#8221;][et_pb_row column_structure=&#8221;1_2,1_2&#8243; _builder_version=&#8221;4.27.4&#8243; _module_preset=&#8221;default&#8221; custom_padding=&#8221;7px||9px|||&#8221; global_colors_info=&#8221;{}&#8221;][et_pb_column type=&#8221;1_2&#8243; _builder_version=&#8221;4.27.4&#8243; _module_preset=&#8221;default&#8221; global_colors_info=&#8221;{}&#8221;][et_pb_text _builder_version=&#8221;4.27.4&#8243; _module_preset=&#8221;f3c6c568-6c1e-4781-89b0-6a5ca51fae19&#8243; global_colors_info=&#8221;{}&#8221;]<\/p>\n<h5 style=\"text-align: center;\">Operem regularment a Catalunya i les Balears, les seves \u00e0rees <strong>metropolitanes<\/strong> o els seus entorns <strong>costaners<\/strong> i <strong>muntanyosos<\/strong>.<br \/>Sempre respectant les<strong> normatives<\/strong> mediambientals i despai aeri espec\u00edfiques de la zona.<\/h5>\n<p>[\/et_pb_text][\/et_pb_column][et_pb_column type=&#8221;1_2&#8243; _builder_version=&#8221;4.27.4&#8243; _module_preset=&#8221;default&#8221; global_colors_info=&#8221;{}&#8221;][et_pb_text _builder_version=&#8221;4.27.4&#8243; _module_preset=&#8221;f3c6c568-6c1e-4781-89b0-6a5ca51fae19&#8243; global_colors_info=&#8221;{}&#8221;]<\/p>\n<h5 style=\"text-align: center;\">No obstant aix\u00f2, la nostra capacitat i vocaci\u00f3 de servei <strong>transcendeix aquestes fronteres<\/strong>. Estem plenament preparats per acceptar <strong>enc\u00e0rrecs a qualsevol punt de la geografia espanyola peninsular i insular<\/strong><\/h5>\n<p>[\/et_pb_text][\/et_pb_column][\/et_pb_row][\/et_pb_section][et_pb_section fb_built=&#8221;1&#8243; _builder_version=&#8221;4.27.4&#8243; _module_preset=&#8221;288a5cb0-7435-400c-9fec-e4d4a9ee77e4&#8243; background_color=&#8221;#FFFFFF&#8221; use_background_color_gradient=&#8221;off&#8221; min_height=&#8221;688px&#8221; custom_padding=&#8221;0px||3px|||&#8221; filter_saturate=&#8221;18%&#8221; filter_brightness=&#8221;98%&#8221; filter_sepia=&#8221;65%&#8221; locked=&#8221;off&#8221;][et_pb_row column_structure=&#8221;1_5,3_5,1_5&#8243; use_custom_gutter=&#8221;on&#8221; gutter_width=&#8221;1&#8243; _builder_version=&#8221;4.27.4&#8243; _module_preset=&#8221;default&#8221; background_image=&#8221;https:\/\/dronmf.es\/wp-content\/uploads\/2025\/08\/mapa.webp&#8221; width=&#8221;100%&#8221; max_width=&#8221;1753px&#8221; global_colors_info=&#8221;{}&#8221;][et_pb_column type=&#8221;1_5&#8243; _builder_version=&#8221;4.27.4&#8243; _module_preset=&#8221;default&#8221; global_colors_info=&#8221;{}&#8221;][\/et_pb_column][et_pb_column type=&#8221;3_5&#8243; _builder_version=&#8221;4.27.4&#8243; _module_preset=&#8221;default&#8221; global_colors_info=&#8221;{}&#8221;][et_pb_text _builder_version=&#8221;4.27.4&#8243; _module_preset=&#8221;f3c6c568-6c1e-4781-89b0-6a5ca51fae19&#8243; background_color=&#8221;rgba(255,255,255,0.59)&#8221; custom_margin=&#8221;5%|20%|1px|20%|false|false&#8221; custom_padding=&#8221;30px|2px|30px|28px|false|false&#8221; global_colors_info=&#8221;{}&#8221;]<\/p>\n<h6><strong>Mobilitzaci\u00f3 Eficient:<\/strong> Planifiquem els despla\u00e7aments de l&#8217;equip i els equips amb antelaci\u00f3 per garantir puntualitat.<\/h6>\n<p>[\/et_pb_text][et_pb_text _builder_version=&#8221;4.27.4&#8243; _module_preset=&#8221;f3c6c568-6c1e-4781-89b0-6a5ca51fae19&#8243; background_color=&#8221;rgba(255,255,255,0.59)&#8221; custom_margin=&#8221;5%|20%|1px|20%|false|false&#8221; custom_padding=&#8221;30px|2px|30px|28px|false|false&#8221; global_colors_info=&#8221;{}&#8221;]<\/p>\n<h6><strong>An\u00e0lisi Log\u00edstica Previ:<\/strong>\u00a0Estudiem la ubicaci\u00f3 espec\u00edfica, accessos, allotjament i necessitats de permisos auton\u00f2mics\/nacionals amb la mateixa rigorositat que a les nostres zones principals.<\/h6>\n<p>[\/et_pb_text][et_pb_text _builder_version=&#8221;4.27.4&#8243; _module_preset=&#8221;f3c6c568-6c1e-4781-89b0-6a5ca51fae19&#8243; background_color=&#8221;rgba(255,255,255,0.59)&#8221; custom_margin=&#8221;5%|20%|1px|20%|false|false&#8221; custom_padding=&#8221;30px|2px|30px|28px|false|false&#8221; global_colors_info=&#8221;{}&#8221;]<\/p>\n<h6><strong>Experi\u00e8ncia Nacional:<\/strong> Comptem amb l&#8217;experi\u00e8ncia i els recursos necessaris per gestionar autoritzacions i volar amb seguretat a diverses regions espanyoles.<\/h6>\n<p>[\/et_pb_text][et_pb_divider show_divider=&#8221;off&#8221; _builder_version=&#8221;4.27.4&#8243; _module_preset=&#8221;default&#8221; global_colors_info=&#8221;{}&#8221;][\/et_pb_divider][\/et_pb_column][et_pb_column type=&#8221;1_5&#8243; _builder_version=&#8221;4.27.4&#8243; _module_preset=&#8221;default&#8221; global_colors_info=&#8221;{}&#8221;][\/et_pb_column][\/et_pb_row][\/et_pb_section]<\/p>\n","protected":false},"excerpt":{"rendered":"<p>La nostra base operativa est\u00e0 s\u00f2lidament establerta a\u00a0Catalunya\u00a0i les\u00a0Illes Balears, regions que coneixem en profunditat.Operem regularment a Catalunya i les Balears, les seves \u00e0rees metropolitanes o els seus entorns costaners i muntanyosos.Sempre respectant les normatives mediambientals i despai aeri espec\u00edfiques de la zona.No obstant aix\u00f2, la nostra capacitat i vocaci\u00f3 de servei transcendeix aquestes fronteres. [&hellip;]<\/p>\n","protected":false},"author":1,"featured_media":0,"parent":0,"menu_order":0,"comment_status":"closed","ping_status":"closed","template":"","meta":{"_et_pb_use_builder":"on","_et_pb_old_content":"<p>[et_pb_section fb_built=\"1\" fullwidth=\"on\" _builder_version=\"4.27.4\" _module_preset=\"default\" locked=\"off\" global_colors_info=\"{}\"][et_pb_fullwidth_slider _builder_version=\"4.27.4\" _module_preset=\"default\" custom_padding=\"103px||101px|||\" global_colors_info=\"{%22gcid-4907c8d4-9eff-49de-91ce-43a2d3a729cf%22:%91%22bg_overlay_color%22,%22bg_overlay_color%22%93,%22gcid-a120dee9-9f15-4008-94b8-5da73e7802cc%22:%91%22body_text_color%22,%22body_text_color%22%93}\"][et_pb_slide heading=\"\u00c1mbito Geogr\u00e1fico\" use_bg_overlay=\"on\" _builder_version=\"4.27.4\" _module_preset=\"default\" background_image=\"https:\/\/dronmf.es\/wp-content\/uploads\/2025\/08\/mapa2.webp\" background_enable_image=\"on\" text_shadow_style=\"preset1\" global_colors_info=\"{}\" sticky_transition=\"on\"]<\/p><h2>Nuestra base operativa est\u00e1 s\u00f3lidamente establecida en\u00a0<strong>Catalu\u00f1a<\/strong>\u00a0y las\u00a0<strong>Islas Baleares<\/strong>, regiones que conocemos en profundidad.<\/h2><p>[\/et_pb_slide][\/et_pb_fullwidth_slider][\/et_pb_section][et_pb_section fb_built=\"1\" admin_label=\"Footer\" _builder_version=\"4.27.4\" _module_preset=\"default\" custom_padding=\"28px||19px|||\" locked=\"off\" collapsed=\"off\" global_colors_info=\"{}\"][et_pb_row column_structure=\"1_2,1_2\" _builder_version=\"4.27.4\" _module_preset=\"default\" custom_padding=\"7px||9px|||\" global_colors_info=\"{}\"][et_pb_column type=\"1_2\" _builder_version=\"4.27.4\" _module_preset=\"default\" global_colors_info=\"{}\"][et_pb_text _builder_version=\"4.27.4\" _module_preset=\"f3c6c568-6c1e-4781-89b0-6a5ca51fae19\" global_colors_info=\"{}\"]<\/p><h5 style=\"text-align: center;\">Operamos regularmente en Catalu\u00f1a y Baleares, sus \u00e1reas <strong>metropolitanas<\/strong> o sus entornos <strong>costeros<\/strong> y <strong>monta\u00f1osos<\/strong>.<\/h5><h5 style=\"text-align: center;\">Siempre respetando las <strong>normativas<\/strong> medioambientales y de espacio a\u00e9reo espec\u00edficas de la zona.<\/h5><p>[\/et_pb_text][\/et_pb_column][et_pb_column type=\"1_2\" _builder_version=\"4.27.4\" _module_preset=\"default\" global_colors_info=\"{}\"][et_pb_text _builder_version=\"4.27.4\" _module_preset=\"f3c6c568-6c1e-4781-89b0-6a5ca51fae19\" global_colors_info=\"{}\"]<\/p><h5 style=\"text-align: center;\"><span style=\"font-size: 24px;\">Sin embargo, nuestra capacidad y vocaci\u00f3n de servicio <\/span><strong style=\"font-size: 24px;\">trasciende estas fronteras<\/strong><span style=\"font-size: 24px;\">. Estamos plenamente preparados para <\/span><strong style=\"font-size: 24px;\">aceptar encargos en cualquier punto de la geograf\u00eda espa\u00f1ola peninsular e insular<\/strong><\/h5><p>[\/et_pb_text][\/et_pb_column][\/et_pb_row][\/et_pb_section][et_pb_section fb_built=\"1\" _builder_version=\"4.27.4\" _module_preset=\"288a5cb0-7435-400c-9fec-e4d4a9ee77e4\" background_color=\"#FFFFFF\" use_background_color_gradient=\"off\" min_height=\"688px\" custom_padding=\"0px||3px|||\" filter_saturate=\"18%\" filter_brightness=\"98%\" filter_sepia=\"65%\" locked=\"off\" global_colors_info=\"{}\"][et_pb_row column_structure=\"1_5,3_5,1_5\" use_custom_gutter=\"on\" gutter_width=\"1\" _builder_version=\"4.27.4\" _module_preset=\"default\" background_image=\"https:\/\/dronmf.es\/wp-content\/uploads\/2025\/08\/mapa.webp\" width=\"100%\" max_width=\"1753px\" global_colors_info=\"{}\"][et_pb_column type=\"1_5\" _builder_version=\"4.27.4\" _module_preset=\"default\" global_colors_info=\"{}\"][\/et_pb_column][et_pb_column type=\"3_5\" _builder_version=\"4.27.4\" _module_preset=\"default\" global_colors_info=\"{}\"][et_pb_text _builder_version=\"4.27.4\" _module_preset=\"f3c6c568-6c1e-4781-89b0-6a5ca51fae19\" background_color=\"rgba(255,255,255,0.59)\" custom_margin=\"5%|20%|1px|20%|false|false\" custom_padding=\"30px|2px|30px|28px|false|false\" global_colors_info=\"{}\"]<\/p><h6><strong>Movilizaci\u00f3n Eficiente:<\/strong>\u00a0Planificamos los desplazamientos del equipo y equipos con antelaci\u00f3n para garantizar puntualidad.<\/h6><p>\u00a0<\/p><p>[\/et_pb_text][et_pb_text _builder_version=\"4.27.4\" _module_preset=\"f3c6c568-6c1e-4781-89b0-6a5ca51fae19\" background_color=\"rgba(255,255,255,0.59)\" custom_margin=\"5%|20%|1px|20%|false|false\" custom_padding=\"30px|2px|30px|28px|false|false\" global_colors_info=\"{}\"]<\/p><h6><strong>An\u00e1lisis Log\u00edstico Previo:<\/strong>\u00a0Estudiamos la ubicaci\u00f3n espec\u00edfica, accesos, alojamiento y necesidades de permisos auton\u00f3micos\/nacionales con la misma rigurosidad que en nuestras zonas principales.<\/h6><p>\u00a0<\/p><p>[\/et_pb_text][et_pb_text _builder_version=\"4.27.4\" _module_preset=\"f3c6c568-6c1e-4781-89b0-6a5ca51fae19\" background_color=\"rgba(255,255,255,0.59)\" custom_margin=\"5%|20%|1px|20%|false|false\" custom_padding=\"30px|2px|30px|28px|false|false\" global_colors_info=\"{}\"]<\/p><h6><strong>Experiencia Nacional:<\/strong>\u00a0Contamos con la experiencia y los recursos necesarios para gestionar autorizaciones y volar con seguridad en diversas regiones espa\u00f1olas.<\/h6><p>\u00a0<\/p><p>[\/et_pb_text][et_pb_divider show_divider=\"off\" _builder_version=\"4.27.4\" _module_preset=\"default\" global_colors_info=\"{}\"][\/et_pb_divider][\/et_pb_column][et_pb_column type=\"1_5\" _builder_version=\"4.27.4\" _module_preset=\"default\" global_colors_info=\"{}\"][\/et_pb_column][\/et_pb_row][\/et_pb_section][et_pb_section fb_built=\"1\" _builder_version=\"4.27.4\" _module_preset=\"default\" custom_padding=\"4px||0px|||\" locked=\"off\" global_colors_info=\"{}\"][et_pb_row _builder_version=\"4.27.4\" _module_preset=\"default\" custom_padding=\"8px||7px|||\" global_colors_info=\"{}\"][et_pb_column type=\"4_4\" _builder_version=\"4.27.4\" _module_preset=\"default\" global_colors_info=\"{}\"][et_pb_text _builder_version=\"4.27.4\" _module_preset=\"default\" global_colors_info=\"{}\"]<\/p><h2 style=\"text-align: center;\">Algunos Ejemplos<\/h2><p>[\/et_pb_text][\/et_pb_column][\/et_pb_row][et_pb_row column_structure=\"1_3,1_3,1_3\" _builder_version=\"4.27.4\" _module_preset=\"default\" width=\"100%\" max_width=\"1503px\" custom_padding=\"4px||32px|||\" locked=\"off\" global_colors_info=\"{}\"][et_pb_column type=\"1_3\" _builder_version=\"4.27.4\" _module_preset=\"default\" global_colors_info=\"{}\"][et_pb_video src_webm=\"https:\/\/dronmf.es\/videos\/Rural1.mp4\" _builder_version=\"4.27.4\" _module_preset=\"default\" global_colors_info=\"{}\"][\/et_pb_video][\/et_pb_column][et_pb_column type=\"1_3\" _builder_version=\"4.27.4\" _module_preset=\"default\" global_colors_info=\"{}\"][et_pb_video src_webm=\"https:\/\/dronmf.es\/videos\/Rural5.mp4\" _builder_version=\"4.27.4\" _module_preset=\"default\" global_colors_info=\"{}\"][\/et_pb_video][\/et_pb_column][et_pb_column type=\"1_3\" _builder_version=\"4.27.4\" _module_preset=\"default\" global_colors_info=\"{}\"][et_pb_video src_webm=\"https:\/\/dronmf.es\/videos\/Rural2.mp4\" _builder_version=\"4.27.4\" _module_preset=\"default\" global_colors_info=\"{}\"][\/et_pb_video][\/et_pb_column][\/et_pb_row][\/et_pb_section]<\/p>","_et_gb_content_width":"","footnotes":""},"class_list":["post-713","page","type-page","status-publish","hentry"],"_links":{"self":[{"href":"https:\/\/dronmf.es\/ca\/wp-json\/wp\/v2\/pages\/713","targetHints":{"allow":["GET"]}}],"collection":[{"href":"https:\/\/dronmf.es\/ca\/wp-json\/wp\/v2\/pages"}],"about":[{"href":"https:\/\/dronmf.es\/ca\/wp-json\/wp\/v2\/types\/page"}],"author":[{"embeddable":true,"href":"https:\/\/dronmf.es\/ca\/wp-json\/wp\/v2\/users\/1"}],"replies":[{"embeddable":true,"href":"https:\/\/dronmf.es\/ca\/wp-json\/wp\/v2\/comments?post=713"}],"version-history":[{"count":4,"href":"https:\/\/dronmf.es\/ca\/wp-json\/wp\/v2\/pages\/713\/revisions"}],"predecessor-version":[{"id":899,"href":"https:\/\/dronmf.es\/ca\/wp-json\/wp\/v2\/pages\/713\/revisions\/899"}],"wp:attachment":[{"href":"https:\/\/dronmf.es\/ca\/wp-json\/wp\/v2\/media?parent=713"}],"curies":[{"name":"wp","href":"https:\/\/api.w.org\/{rel}","templated":true}]}}