{"id":718,"date":"2025-09-17T09:15:27","date_gmt":"2025-09-17T09:15:27","guid":{"rendered":"https:\/\/dronmf.es\/?page_id=718"},"modified":"2025-10-09T09:28:22","modified_gmt":"2025-10-09T09:28:22","slug":"avis-legal","status":"publish","type":"page","link":"https:\/\/dronmf.es\/ca\/avis-legal\/","title":{"rendered":"Av\u00eds Legal"},"content":{"rendered":"<p data-start=\"195\" data-end=\"282\">Llegiu atentament el seg\u00fcent av\u00eds legal relatiu al lloc web de <strong>Dron MF Report<\/strong>.<\/p>\n<hr data-start=\"284\" data-end=\"287\" \/>\n<h2 data-start=\"289\" data-end=\"373\">Dades identificatives del Prestador de Serveis de la Societat de la Informaci\u00f3<\/h2>\n<p data-start=\"375\" data-end=\"685\">De conformitat amb l&#8217;article 10 de la Llei 34\/2002, de Serveis de la Societat de la Informaci\u00f3 i Comer\u00e7 Electr\u00f2nic (LSSICE), es posa en el seu coneixement que <strong>Dron MF Report<\/strong> (d&#8217;ara endavant, <em>Dron MF<\/em>) gestiona els continguts del lloc web https:\/\/dronmf.es, amb domicili social a aquests efectes a:<\/p>\n<p data-start=\"687\" data-end=\"823\"><strong data-start=\"690\" data-end=\"748\">C\/ Torreblanca, 16 \u2013 08970 Sant Joan Desp\u00ed (Barcelona)<\/strong><br data-start=\"748\" data-end=\"751\" \/><strong data-start=\"754\" data-end=\"768\">Tel\u00e8fons:<\/strong> 637980888 \/ 692034155<br data-start=\"790\" data-end=\"793\" \/><strong data-start=\"796\" data-end=\"806\">Email:<\/strong> <a class=\"decorated-link cursor-pointer\" rel=\"noopener\" data-start=\"807\" data-end=\"821\">info@dronmf.es<\/a><\/p>\n<hr data-start=\"825\" data-end=\"828\" \/>\n<h2 data-start=\"830\" data-end=\"852\">Obligacions d&#8217;\u00fas<\/h2>\n<p><strong>Dron MF<\/strong> podr\u00e0, en tot moment i sense previ av\u00eds, modificar les presents Condicions Generals, aix\u00ed com les Condicions Particulars que, si escau, s&#8217;incloguin, mitjan\u00e7ant la publicaci\u00f3 d&#8217;aquestes modificacions al Lloc Web perqu\u00e8 puguin ser conegudes pels Usuaris.<\/p>\n<p>Amb car\u00e0cter general, l&#8217;Usuari s&#8217;obliga al compliment de les presents condicions i termes d&#8217;\u00fas, ia obrar sempre conforme a la llei, als bons costums ia les exig\u00e8ncies de la bona fe, emprant la dilig\u00e8ncia adequada a la naturalesa del servei, abstenint-se d&#8217;utilitzar aquest Lloc Web de qualsevol forma que pugui impedir, danyar o deteriorar el normal funcionament del mateix, els b\u00e9ns, tercer.<\/p>\n<p>En particular, i sense que aix\u00f2 impliqui cap restricci\u00f3, l&#8217;Usuari es compromet a:<\/p>\n<ul data-start=\"1737\" data-end=\"2002\">\n<li data-start=\"1737\" data-end=\"1795\">No utilitzar el Lloc Web amb fins il\u00b7l\u00edcits o lesius.<\/li>\n<li data-start=\"1737\" data-end=\"1795\">No introduir virus inform\u00e0tics, codi malici\u00f3s (malware) o qualsevol altre sistema que pugui danyar els sistemes de <strong>Dron MF<\/strong> o de tercers.<\/li>\n<li data-start=\"1737\" data-end=\"1795\">No intenteu accedir a seccions restringides sense la deguda autoritzaci\u00f3.<\/li>\n<\/ul>\n<hr data-start=\"2004\" data-end=\"2007\" \/>\n<h2 data-start=\"2009\" data-end=\"2042\">Exoneraci\u00f3 de responsabilitat<\/h2>\n<p data-start=\"2044\" data-end=\"2081\"><strong>Dron MF<\/strong> no ser\u00e0 responsable de:<\/p>\n<ul data-start=\"2083\" data-end=\"2502\">\n<li data-start=\"2083\" data-end=\"2145\">L&#8217;\u00fas inadequat del Lloc Web per part dels Usuaris.<\/li>\n<li data-start=\"2083\" data-end=\"2145\">Possibles defici\u00e8ncies t\u00e8cniques (fallades a la xarxa el\u00e8ctrica, connexi\u00f3 de dades, servidor o prestacions similars).<\/li>\n<li data-start=\"2083\" data-end=\"2145\">Acc\u00e9s per tercers no autoritzats als sistemes, malgrat les mesures de seguretat implementades.<\/li>\n<li data-start=\"2083\" data-end=\"2145\">La pres\u00e8ncia de codi malici\u00f3s (malware) en els sistemes, encara que s&#8217;inverteixi constantment en mitjans tecnol\u00f2gics per minimitzar aquests riscos.<\/li>\n<\/ul>\n<hr data-start=\"2504\" data-end=\"2507\" \/>\n<h2 data-start=\"2509\" data-end=\"2539\">Utilitzaci\u00f3 d&#8217;hiperenlla\u00e7os<\/h2>\n<p data-start=\"2541\" data-end=\"2681\">L&#8217;usuari d&#8217;Internet que vulgui introduir enlla\u00e7os des de les seves pr\u00f2pies webs a la p\u00e0gina web haur\u00e0 de complir les condicions seg\u00fcents:<\/p>\n<ul data-start=\"2683\" data-end=\"3279\">\n<li data-start=\"2683\" data-end=\"2780\">L&#8217;enlla\u00e7 s&#8217;ha d&#8217;adre\u00e7ar \u00fanicament a la <strong>p\u00e0gina web<\/strong> (https:\/\/dronmf.es), sense reproduir-la.<\/li>\n<li data-start=\"2683\" data-end=\"2780\">No es podran establir frames ni realitzar pr\u00e0ctiques que cre\u00efn confusi\u00f3 sobre la proced\u00e8ncia dels continguts.<\/li>\n<li data-start=\"2683\" data-end=\"2780\">No es poden fer manifestacions falses o inexactes sobre <strong>Dron MF<\/strong>, la seva direcci\u00f3, empleats o serveis.<\/li>\n<li data-start=\"2683\" data-end=\"2780\">No es pot donar a entendre que <strong>Dron MF<\/strong> patrocina, col\u00b7labora o supervisa els continguts de la web que introdueix l&#8217;enlla\u00e7 sense autoritzaci\u00f3 expressa.<\/li>\n<li data-start=\"2683\" data-end=\"2780\">No es permet l\u00fas de marques, logotips o altres signes distintius de <strong>Dron MF<\/strong> excepte autoritzaci\u00f3 expressa.<\/li>\n<\/ul>\n<p data-start=\"3281\" data-end=\"3408\">La p\u00e0gina que estableixi lenlla\u00e7 no podr\u00e0 contenir continguts il\u00b7l\u00edcits, nocius o contraris a la moral ia lordre p\u00fablic.<\/p>\n<hr data-start=\"3410\" data-end=\"3413\" \/>\n<h2 data-start=\"3415\" data-end=\"3452\">Propietat intel\u00b7lectual i industrial<\/h2>\n<p>L&#8217;estructura, el disseny i la forma de presentaci\u00f3 dels elements disponibles en aquest Lloc Web (gr\u00e0fics, imatges, fotografies, logotips, combinacions de colors, fitxers, tecnologies, etc.) estan protegits per drets de propietat intel\u00b7lectual i industrial titularitat de <strong>Dron MF<\/strong> o sobre els quals s&#8217;han obtingut els drets d&#8217;\u00fas corresponents.<\/p>\n<p>Est\u00e0 prohibida la reproducci\u00f3, la transformaci\u00f3, la distribuci\u00f3, la comunicaci\u00f3 p\u00fablica o qualsevol altra forma d&#8217;explotaci\u00f3 d&#8217;aquests elements sense el consentiment expr\u00e9s de <strong>Dron MF<\/strong>.<\/p>\n<p>L&#8217;\u00fas no autoritzat de signes distintius de <strong>Dron MF<\/strong> no est\u00e0 perm\u00e8s tret d&#8217;autoritzaci\u00f3 expressa.<\/p>\n<hr data-start=\"4119\" data-end=\"4122\" \/>\n<h2 data-start=\"4124\" data-end=\"4160\">Pol\u00edtiques de Privadesa i Cookies<\/h2>\n<p>Les dades personals seran tractades conforme al que disposa la normativa vigent de protecci\u00f3 de dades. Podeu consultar informaci\u00f3 addicional a la nostra Pol\u00edtica de Privadesa.<\/p>\n<p>Aix\u00ed mateix, aquest Lloc Web utilitza cookies per a un funcionament correcte i per a la prestaci\u00f3 de determinats serveis. Podeu consultar m\u00e9s informaci\u00f3 a la nostra Pol\u00edtica de Cookies.<\/p>\n<hr data-start=\"4542\" data-end=\"4545\" \/>\n<h2 data-start=\"4547\" data-end=\"4586\">Jurisdicci\u00f3 i legislaci\u00f3 aplicable<\/h2>\n<p>Els termes i condicions que regeixen aquest Lloc Web estan salvaguardats per la legislaci\u00f3 espanyola.<\/p>\n<p>Qualsevol controv\u00e8rsia que pogu\u00e9s derivar-se de l&#8217;acc\u00e9s o la utilitzaci\u00f3 del Lloc Web ser\u00e0 de compet\u00e8ncia dels <strong>Jutjats i Tribunals de Barcelona<\/strong>, \u200b\u200bllevat de disposici\u00f3 legal en contra.<\/p>\n","protected":false},"excerpt":{"rendered":"<p>Llegiu atentament el seg\u00fcent av\u00eds legal relatiu al lloc web de Dron MF Report. Dades identificatives del Prestador de Serveis de la Societat de la Informaci\u00f3 De conformitat amb l&#8217;article 10 de la Llei 34\/2002, de Serveis de la Societat de la Informaci\u00f3 i Comer\u00e7 Electr\u00f2nic (LSSICE), es posa en el seu coneixement que Dron [&hellip;]<\/p>\n","protected":false},"author":1,"featured_media":0,"parent":0,"menu_order":0,"comment_status":"closed","ping_status":"closed","template":"","meta":{"_et_pb_use_builder":"","_et_pb_old_content":"","_et_gb_content_width":"","footnotes":""},"class_list":["post-718","page","type-page","status-publish","hentry"],"_links":{"self":[{"href":"https:\/\/dronmf.es\/ca\/wp-json\/wp\/v2\/pages\/718","targetHints":{"allow":["GET"]}}],"collection":[{"href":"https:\/\/dronmf.es\/ca\/wp-json\/wp\/v2\/pages"}],"about":[{"href":"https:\/\/dronmf.es\/ca\/wp-json\/wp\/v2\/types\/page"}],"author":[{"embeddable":true,"href":"https:\/\/dronmf.es\/ca\/wp-json\/wp\/v2\/users\/1"}],"replies":[{"embeddable":true,"href":"https:\/\/dronmf.es\/ca\/wp-json\/wp\/v2\/comments?post=718"}],"version-history":[{"count":1,"href":"https:\/\/dronmf.es\/ca\/wp-json\/wp\/v2\/pages\/718\/revisions"}],"predecessor-version":[{"id":719,"href":"https:\/\/dronmf.es\/ca\/wp-json\/wp\/v2\/pages\/718\/revisions\/719"}],"wp:attachment":[{"href":"https:\/\/dronmf.es\/ca\/wp-json\/wp\/v2\/media?parent=718"}],"curies":[{"name":"wp","href":"https:\/\/api.w.org\/{rel}","templated":true}]}}