{"id":740,"date":"2025-08-04T16:51:03","date_gmt":"2025-08-04T16:51:03","guid":{"rendered":"https:\/\/dronmf.es\/?page_id=740"},"modified":"2026-03-19T09:26:53","modified_gmt":"2026-03-19T09:26:53","slug":"les-nostres-eines","status":"publish","type":"page","link":"https:\/\/dronmf.es\/ca\/les-nostres-eines\/","title":{"rendered":"Les nostres Eines"},"content":{"rendered":"<p>[et_pb_section fb_built=&#8221;1&#8243; fullwidth=&#8221;on&#8221; _builder_version=&#8221;4.27.4&#8243; _module_preset=&#8221;default&#8221; locked=&#8221;off&#8221; global_colors_info=&#8221;{}&#8221;][et_pb_fullwidth_slider _builder_version=&#8221;4.27.4&#8243; _module_preset=&#8221;default&#8221; custom_padding=&#8221;103px||101px|||&#8221; global_colors_info=&#8221;{%22gcid-4907c8d4-9eff-49de-91ce-43a2d3a729cf%22:%91%22bg_overlay_color%22,%22bg_overlay_color%22,%22bg_overlay_color%22,%22bg_overlay_color%22%93,%22gcid-a120dee9-9f15-4008-94b8-5da73e7802cc%22:%91%22body_text_color%22,%22body_text_color%22,%22body_text_color%22,%22body_text_color%22%93}&#8221;][et_pb_slide heading=&#8221;Les nostres Eines&#8221; use_bg_overlay=&#8221;on&#8221; _builder_version=&#8221;4.27.4&#8243; _module_preset=&#8221;default&#8221; background_image=&#8221;https:\/\/dronmf.es\/wp-content\/uploads\/2025\/08\/dron-estrecho.jpg&#8221; background_enable_image=&#8221;on&#8221; text_shadow_style=&#8221;preset1&#8243; global_colors_info=&#8221;{}&#8221; sticky_transition=&#8221;on&#8221;]<\/p>\n<h2>Volem amb les millors eines, amb responsabilitat i complint cada norma<\/h2>\n<p>[\/et_pb_slide][\/et_pb_fullwidth_slider][\/et_pb_section][et_pb_section fb_built=&#8221;1&#8243; _builder_version=&#8221;4.27.4&#8243; _module_preset=&#8221;default&#8221; custom_padding=&#8221;12px||0px||false|false&#8221; hover_enabled=&#8221;0&#8243; global_colors_info=&#8221;{}&#8221; sticky_enabled=&#8221;0&#8243;][et_pb_row _builder_version=&#8221;4.27.4&#8243; _module_preset=&#8221;default&#8221; custom_padding=&#8221;52px|||||&#8221; locked=&#8221;off&#8221; global_colors_info=&#8221;{}&#8221;][et_pb_column type=&#8221;4_4&#8243; _builder_version=&#8221;4.27.4&#8243; _module_preset=&#8221;default&#8221; global_colors_info=&#8221;{}&#8221;][et_pb_text _builder_version=&#8221;4.27.4&#8243; _module_preset=&#8221;f3c6c568-6c1e-4781-89b0-6a5ca51fae19&#8243; global_colors_info=&#8221;{}&#8221;]<\/p>\n<h4 style=\"text-align: center;\">Utilitzem tecnologia d&#8217;avantguarda<\/h4>\n<p>[\/et_pb_text][\/et_pb_column][\/et_pb_row][et_pb_row column_structure=&#8221;1_2,1_2&#8243; _builder_version=&#8221;4.27.4&#8243; _module_preset=&#8221;default&#8221; custom_padding=&#8221;52px|||||&#8221; locked=&#8221;off&#8221; global_colors_info=&#8221;{}&#8221;][et_pb_column type=&#8221;1_2&#8243; _builder_version=&#8221;4.27.4&#8243; _module_preset=&#8221;default&#8221; global_colors_info=&#8221;{}&#8221;][et_pb_text _builder_version=&#8221;4.27.4&#8243; _module_preset=&#8221;f3c6c568-6c1e-4781-89b0-6a5ca51fae19&#8243; global_colors_info=&#8221;{}&#8221;]<\/p>\n<ul>\n<li style=\"text-align: left;\">\n<h6><span style=\"font-size: 18px;\">Sistemes RTK per a precisi\u00f3 mil\u00b7lim\u00e8trica<\/span><\/h6>\n<\/li>\n<li style=\"text-align: left;\">\n<h6>Combinada amb un profund coneixement normatiu.<\/h6>\n<\/li>\n<\/ul>\n<h6 style=\"text-align: center;\"><\/h6>\n<p>[\/et_pb_text][\/et_pb_column][et_pb_column type=&#8221;1_2&#8243; _builder_version=&#8221;4.27.4&#8243; _module_preset=&#8221;default&#8221; global_colors_info=&#8221;{}&#8221;][et_pb_text _builder_version=&#8221;4.27.4&#8243; _module_preset=&#8221;f3c6c568-6c1e-4781-89b0-6a5ca51fae19&#8243; global_colors_info=&#8221;{}&#8221;]<\/p>\n<ul>\n<li style=\"text-align: left;\">\n<h6>Drons d&#8217;\u00faltima generaci\u00f3<\/h6>\n<\/li>\n<li style=\"text-align: left;\">\n<h6>Cambres 4K\/6K<\/h6>\n<\/li>\n<\/ul>\n<p>[\/et_pb_text][\/et_pb_column][\/et_pb_row][\/et_pb_section][et_pb_section fb_built=&#8221;1&#8243; admin_label=&#8221;Header&#8221; _builder_version=&#8221;4.27.4&#8243; _module_preset=&#8221;288a5cb0-7435-400c-9fec-e4d4a9ee77e4&#8243; background_video_mp4=&#8221;https:\/\/dronmf.es\/wp-content\/uploads\/2026\/03\/drone-mf-bucle-3-1.mp4&#8243; custom_padding=&#8221;150px||150px||true|false&#8221; hover_enabled=&#8221;0&#8243; locked=&#8221;off&#8221; collapsed=&#8221;on&#8221; global_colors_info=&#8221;{}&#8221; title_text=&#8221;drone mf bucle 3&#8243; sticky_enabled=&#8221;0&#8243;][\/et_pb_section][et_pb_section fb_built=&#8221;1&#8243; _builder_version=&#8221;4.27.4&#8243; _module_preset=&#8221;default&#8221; custom_padding=&#8221;12px|||||&#8221; global_colors_info=&#8221;{}&#8221;][et_pb_row _builder_version=&#8221;4.27.4&#8243; _module_preset=&#8221;default&#8221; custom_padding=&#8221;52px|||||&#8221; locked=&#8221;off&#8221; global_colors_info=&#8221;{}&#8221;][et_pb_column type=&#8221;4_4&#8243; _builder_version=&#8221;4.27.4&#8243; _module_preset=&#8221;default&#8221; global_colors_info=&#8221;{}&#8221;][et_pb_text _builder_version=&#8221;4.27.4&#8243; _module_preset=&#8221;f3c6c568-6c1e-4781-89b0-6a5ca51fae19&#8243; background_color=&#8221;rgba(142,142,142,0.42)&#8221; custom_padding=&#8221;30px||30px||true|false&#8221; global_colors_info=&#8221;{}&#8221;]<\/p>\n<h6 style=\"text-align: center;\">Volem sempre dins de l&#8217;estricte marc legal d&#8217;<strong>AESA<\/strong> (Ag\u00e8ncia Estatal de Seguretat A\u00e8ria), amb assegurances de responsabilitat civil espec\u00edfiques i totes les autoritzacions requerides.<br \/>Aquesta rigor ens permet operar amb seguretat en entorns complexos, des de nuclis urbans fins a reserves naturals, garantint tranquil\u00b7litat absoluta als nostres clients.<\/h6>\n<p>[\/et_pb_text][\/et_pb_column][\/et_pb_row][\/et_pb_section]<\/p>\n","protected":false},"excerpt":{"rendered":"<p>Volem amb les millors eines, amb responsabilitat i complint cada normaUtilitzem tecnologia d&#8217;avantguarda Sistemes RTK per a precisi\u00f3 mil\u00b7lim\u00e8trica Combinada amb un profund coneixement normatiu. Drons d&#8217;\u00faltima generaci\u00f3 Cambres 4K\/6K Volem sempre dins de l&#8217;estricte marc legal d&#8217;AESA (Ag\u00e8ncia Estatal de Seguretat A\u00e8ria), amb assegurances de responsabilitat civil espec\u00edfiques i totes les autoritzacions requerides.Aquesta rigor [&hellip;]<\/p>\n","protected":false},"author":1,"featured_media":0,"parent":0,"menu_order":0,"comment_status":"closed","ping_status":"closed","template":"","meta":{"_et_pb_use_builder":"on","_et_pb_old_content":"<p>[et_pb_section fb_built=\"1\" fullwidth=\"on\" _builder_version=\"4.27.4\" _module_preset=\"default\" locked=\"off\" global_colors_info=\"{}\"][et_pb_fullwidth_slider _builder_version=\"4.27.4\" _module_preset=\"default\" custom_padding=\"103px||101px|||\" global_colors_info=\"{%22gcid-4907c8d4-9eff-49de-91ce-43a2d3a729cf%22:%91%22bg_overlay_color%22,%22bg_overlay_color%22%93,%22gcid-a120dee9-9f15-4008-94b8-5da73e7802cc%22:%91%22body_text_color%22,%22body_text_color%22%93}\"][et_pb_slide heading=\"Nuestras Herramientas\" use_bg_overlay=\"on\" _builder_version=\"4.27.4\" _module_preset=\"default\" background_image=\"https:\/\/dronmf.es\/wp-content\/uploads\/2025\/08\/dron-estrecho.jpg\" background_enable_image=\"on\" text_shadow_style=\"preset1\" global_colors_info=\"{}\" sticky_transition=\"on\"]<\/p><h2>Volamos con las mejores herramientas, con responsabilidad y cumpliendo cada norma<\/h2><p>[\/et_pb_slide][\/et_pb_fullwidth_slider][\/et_pb_section][et_pb_section fb_built=\"1\" _builder_version=\"4.27.4\" _module_preset=\"default\" global_colors_info=\"{}\" custom_padding=\"12px|||||\"][et_pb_row _builder_version=\"4.27.4\" _module_preset=\"default\" custom_padding=\"52px|||||\" locked=\"off\" global_colors_info=\"{}\"][et_pb_column type=\"4_4\" _builder_version=\"4.27.4\" _module_preset=\"default\" global_colors_info=\"{}\"][et_pb_text _builder_version=\"4.27.4\" _module_preset=\"f3c6c568-6c1e-4781-89b0-6a5ca51fae19\" hover_enabled=\"0\" global_colors_info=\"{}\" sticky_enabled=\"0\"]<\/p><h4 style=\"text-align: center;\">Utilizamos tecnolog\u00eda de vanguardia<\/h4><p>\u00a0<\/p><ul><li style=\"text-align: left;\"><h6>Drones de \u00faltima generaci\u00f3n,<\/h6><\/li><li style=\"text-align: left;\"><h6>C\u00e1maras 4K\/6K,<\/h6><\/li><li style=\"text-align: left;\"><h6>Sistemas RTK para precisi\u00f3n milim\u00e9trica)<\/h6><\/li><li style=\"text-align: left;\"><h6>Combinada con un profundo conocimiento normativo.<\/h6><\/li><\/ul><h6 style=\"text-align: center;\">\u00a0<\/h6><p>[\/et_pb_text][et_pb_text _builder_version=\"4.27.4\" _module_preset=\"f3c6c568-6c1e-4781-89b0-6a5ca51fae19\" hover_enabled=\"0\" global_colors_info=\"{}\" sticky_enabled=\"0\" background_color=\"rgba(142,142,142,0.42)\"]<\/p><h6 style=\"text-align: center;\">\u00a0<\/h6><p>\u00a0<\/p><h6 style=\"text-align: center;\"><em>Volamos siempre dentro del estricto marco legal de <strong>AESA<\/strong> (Agencia Estatal de Seguridad A\u00e9rea), con seguros de responsabilidad civil espec\u00edficos y todas las autorizaciones requeridas.<\/em><\/h6><h6 style=\"text-align: center;\"><em>Esta rigurosidad nos permite operar con seguridad en entornos complejos, desde cascos urbanos hasta reservas naturales, garantizando tranquilidad absoluta a nuestros clientes.<\/em><\/h6><p>[\/et_pb_text][\/et_pb_column][\/et_pb_row][\/et_pb_section][et_pb_section fb_built=\"1\" _builder_version=\"4.27.4\" _module_preset=\"default\" custom_padding=\"4px||0px|||\" locked=\"off\" global_colors_info=\"{}\"][et_pb_row _builder_version=\"4.27.4\" _module_preset=\"default\" custom_padding=\"8px||7px|||\" global_colors_info=\"{}\"][et_pb_column type=\"4_4\" _builder_version=\"4.27.4\" _module_preset=\"default\" global_colors_info=\"{}\"][et_pb_text _builder_version=\"4.27.4\" _module_preset=\"default\" global_colors_info=\"{}\"]<\/p><h3 style=\"text-align: center;\">Algunos Ejemplos<\/h3><p>[\/et_pb_text][\/et_pb_column][\/et_pb_row][et_pb_row column_structure=\"1_3,1_3,1_3\" _builder_version=\"4.27.4\" _module_preset=\"default\" width=\"100%\" max_width=\"1503px\" custom_padding=\"4px||32px|||\" locked=\"off\" global_colors_info=\"{}\"][et_pb_column type=\"1_3\" _builder_version=\"4.27.4\" _module_preset=\"default\" global_colors_info=\"{}\"][et_pb_video src_webm=\"https:\/\/dronmf.es\/videos\/Rural1.mp4\" _builder_version=\"4.27.4\" _module_preset=\"default\" global_colors_info=\"{}\"][\/et_pb_video][\/et_pb_column][et_pb_column type=\"1_3\" _builder_version=\"4.27.4\" _module_preset=\"default\" global_colors_info=\"{}\"][et_pb_video src_webm=\"https:\/\/dronmf.es\/videos\/Rural5.mp4\" _builder_version=\"4.27.4\" _module_preset=\"default\" global_colors_info=\"{}\"][\/et_pb_video][\/et_pb_column][et_pb_column type=\"1_3\" _builder_version=\"4.27.4\" _module_preset=\"default\" global_colors_info=\"{}\"][et_pb_video src_webm=\"https:\/\/dronmf.es\/videos\/Rural2.mp4\" _builder_version=\"4.27.4\" _module_preset=\"default\" global_colors_info=\"{}\"][\/et_pb_video][\/et_pb_column][\/et_pb_row][\/et_pb_section]<\/p>","_et_gb_content_width":"","footnotes":""},"class_list":["post-740","page","type-page","status-publish","hentry"],"_links":{"self":[{"href":"https:\/\/dronmf.es\/ca\/wp-json\/wp\/v2\/pages\/740","targetHints":{"allow":["GET"]}}],"collection":[{"href":"https:\/\/dronmf.es\/ca\/wp-json\/wp\/v2\/pages"}],"about":[{"href":"https:\/\/dronmf.es\/ca\/wp-json\/wp\/v2\/types\/page"}],"author":[{"embeddable":true,"href":"https:\/\/dronmf.es\/ca\/wp-json\/wp\/v2\/users\/1"}],"replies":[{"embeddable":true,"href":"https:\/\/dronmf.es\/ca\/wp-json\/wp\/v2\/comments?post=740"}],"version-history":[{"count":6,"href":"https:\/\/dronmf.es\/ca\/wp-json\/wp\/v2\/pages\/740\/revisions"}],"predecessor-version":[{"id":934,"href":"https:\/\/dronmf.es\/ca\/wp-json\/wp\/v2\/pages\/740\/revisions\/934"}],"wp:attachment":[{"href":"https:\/\/dronmf.es\/ca\/wp-json\/wp\/v2\/media?parent=740"}],"curies":[{"name":"wp","href":"https:\/\/api.w.org\/{rel}","templated":true}]}}