{"id":747,"date":"2025-07-29T07:42:31","date_gmt":"2025-07-29T07:42:31","guid":{"rendered":"https:\/\/dronmf.es\/?page_id=747"},"modified":"2026-03-10T08:54:39","modified_gmt":"2026-03-10T08:54:39","slug":"qui-som","status":"publish","type":"page","link":"https:\/\/dronmf.es\/ca\/qui-som\/","title":{"rendered":"Nosaltres"},"content":{"rendered":"<p>[et_pb_section fb_built=&#8221;1&#8243; admin_label=&#8221;Header&#8221; _builder_version=&#8221;4.27.4&#8243; _module_preset=&#8221;288a5cb0-7435-400c-9fec-e4d4a9ee77e4&#8243; background_image=&#8221;https:\/\/dronmf.es\/wp-content\/uploads\/2025\/07\/autelpilot.eu_evo_max.jpg&#8221; custom_padding=&#8221;150px||150px||true|false&#8221; hover_enabled=&#8221;0&#8243; locked=&#8221;off&#8221; collapsed=&#8221;on&#8221; title_text=&#8221;BUCLE WEB&#8221; background_video_mp4=&#8221;https:\/\/dronmf.es\/wp-content\/uploads\/2026\/03\/BUCLE-WEB.mp4&#8243; sticky_enabled=&#8221;0&#8243;][et_pb_row _builder_version=&#8221;4.27.4&#8243; _module_preset=&#8221;default&#8221; width=&#8221;100%&#8221; global_colors_info=&#8221;{}&#8221;][et_pb_column type=&#8221;4_4&#8243; _builder_version=&#8221;4.27.4&#8243; _module_preset=&#8221;default&#8221; global_colors_info=&#8221;{}&#8221;][\/et_pb_column][\/et_pb_row][\/et_pb_section][et_pb_section fb_built=&#8221;1&#8243; disabled_on=&#8221;off|off|off&#8221; admin_label=&#8221;Programs&#8221; _builder_version=&#8221;4.27.4&#8243; _module_preset=&#8221;default&#8221; locked=&#8221;off&#8221; collapsed=&#8221;on&#8221; global_colors_info=&#8221;{}&#8221;][et_pb_row column_structure=&#8221;1_3,2_3&#8243; _builder_version=&#8221;4.27.4&#8243; _module_preset=&#8221;default&#8221; global_colors_info=&#8221;{}&#8221;][et_pb_column type=&#8221;1_3&#8243; _builder_version=&#8221;4.27.4&#8243; _module_preset=&#8221;default&#8221; global_colors_info=&#8221;{}&#8221;][et_pb_heading title=&#8221;Equip, Tecnologia i Creativitat&#8221; _builder_version=&#8221;4.27.4&#8243; _module_preset=&#8221;117df2cc-bd25-4901-905f-97927e02476e&#8221; global_colors_info=&#8221;{}&#8221;][\/et_pb_heading][\/et_pb_column][et_pb_column type=&#8221;2_3&#8243; _builder_version=&#8221;4.27.4&#8243; _module_preset=&#8221;default&#8221; global_colors_info=&#8221;{}&#8221;][et_pb_text _builder_version=&#8221;4.27.4&#8243; _module_preset=&#8221;5cfd1252-657f-4bde-ba65-7968cffb1106&#8243; global_colors_info=&#8221;{}&#8221;]<\/p>\n<p>A DRON MF no nom\u00e9s volem drones: elevem projectes perqu\u00e8 s&#8217;entenguin, s&#8217;asseuen i es tri\u00efn.<br \/>Unim precisi\u00f3 t\u00e8cnica i mirada cinematogr\u00e0fica per capturar emoci\u00f3 i dades a cada pla.<br \/>Portem anys a l&#8217;aire: treballem amb drones des de l&#8217;inici i sabem exactament qu\u00e8 funciona.<br \/>Tecnologia 4K\/6K i RTK, sempre dins el marc legal d&#8217;AESA, amb assegurances i autoritzacions.<br \/>D&#8217;una propietat a una gran obra, dissenyem cada vol a mida perqu\u00e8 el teu projecte destaqui de deb\u00f2.<br \/>No som nom\u00e9s operadors de drones: som narradors visuals que converteixen perspectiva en impacte.<\/p>\n<p>[\/et_pb_text][\/et_pb_column][\/et_pb_row][et_pb_row column_structure=&#8221;1_3,1_3,1_3&#8243; _builder_version=&#8221;4.27.4&#8243; _module_preset=&#8221;default&#8221; global_colors_info=&#8221;{}&#8221; disabled_on=&#8221;on|on|on&#8221; disabled=&#8221;on&#8221;][et_pb_column type=&#8221;1_3&#8243; _builder_version=&#8221;4.27.4&#8243; _module_preset=&#8221;default&#8221; global_colors_info=&#8221;{}&#8221;][et_pb_image src=&#8221;https:\/\/dronmf.es\/wp-content\/uploads\/2025\/09\/WhatsApp-Image-2025-09-09-at-10.08.32.jpeg&#8221; title_text=&#8221;WhatsApp Image 2025-09-09 at 10.08.32&#8243; _builder_version=&#8221;4.27.4&#8243; _module_preset=&#8221;default&#8221; global_colors_info=&#8221;{}&#8221;][\/et_pb_image][et_pb_heading title=&#8221;Equip&#8221; _builder_version=&#8221;4.27.4&#8243; _module_preset=&#8221;2e05014d-9059-4586-98cf-e2678123eefd&#8221; global_colors_info=&#8221;{}&#8221;][\/et_pb_heading][et_pb_text _builder_version=&#8221;4.27.4&#8243; _module_preset=&#8221;5cfd1252-657f-4bde-ba65-7968cffb1106&#8243; global_colors_info=&#8221;{}&#8221;]El nostre equip fusiona la meticulositat t\u00e8cnica amb una visi\u00f3 art\u00edstica, obsessionats per capturar no nom\u00e9s imatges, sin\u00f3 emocions i dades des del cel.<\/p>\n<p>Creiem que cada projecte, ja sigui la presentaci\u00f3 d\u201funa propietat emblem\u00e0tica o la documentaci\u00f3 d\u201funa obra monumental, mereix una aproximaci\u00f3 \u00fanica i personalitzada.<br \/>\nTenim l&#8217;experi\u00e8ncia i sabem qu\u00e8 estem fent.<br \/>\nTreballem amb drones des que van comen\u00e7ar a estar disponibles al mercat.<br \/>\n[\/et_pb_text][\/et_pb_column][et_pb_column type=&#8221;1_3&#8243; _builder_version=&#8221;4.27.4&#8243; _module_preset=&#8221;default&#8221; global_colors_info=&#8221;{}&#8221;][et_pb_image src=&#8221;https:\/\/dronmf.es\/wp-content\/uploads\/2025\/09\/WhatsApp-Image-2025-09-09-at-10.08.34-1.jpeg&#8221; title_text=&#8221;WhatsApp Image 2025-09-09 at 10.08.34 (1)&#8221; _builder_version=&#8221;4.27.4&#8243; _module_preset=&#8221;default&#8221; global_colors_info=&#8221;{}&#8221;][\/et_pb_image][et_pb_heading title=&#8221;Tecnologia&#8221; _builder_version=&#8221;4.27.4&#8243; _module_preset=&#8221;2e05014d-9059-4586-98cf-e2678123eefd&#8221; global_colors_info=&#8221;{}&#8221;][\/et_pb_heading][et_pb_text _builder_version=&#8221;4.27.4&#8243; _module_preset=&#8221;5cfd1252-657f-4bde-ba65-7968cffb1106&#8243; global_colors_info=&#8221;{}&#8221;]Utilitzem tecnologia d&#8217;avantguarda (drons d&#8217;\u00faltima generaci\u00f3, c\u00e0meres 4K\/6K, sistemes RTK per a precisi\u00f3 mil\u00b7lim\u00e8trica) combinada amb un profund coneixement normatiu. Volem sempre dins de l&#8217;estricte marc legal d&#8217;AESA (Ag\u00e8ncia Estatal de Seguretat A\u00e8ria), amb assegurances de responsabilitat civil espec\u00edfiques i totes les autoritzacions requerides. Aquesta rigor ens permet operar amb seguretat en entorns complexos, des de nuclis urbans fins a reserves naturals, garantint tranquil\u00b7litat absoluta als nostres clients.<br \/>\n[\/et_pb_text][\/et_pb_column][et_pb_column type=&#8221;1_3&#8243; _builder_version=&#8221;4.27.4&#8243; _module_preset=&#8221;default&#8221; global_colors_info=&#8221;{}&#8221;][et_pb_image src=&#8221;https:\/\/dronmf.es\/wp-content\/uploads\/2025\/09\/WhatsApp-Image-2025-09-09-at-10.08.31-1.jpeg&#8221; title_text=&#8221;WhatsApp Image 2025-09-09 at 10.08.31 (1)&#8221; _builder_version=&#8221;4.27.4&#8243; _module_preset=&#8221;default&#8221; global_colors_info=&#8221;{}&#8221;][\/et_pb_image][et_pb_heading title=&#8221;Creativitat&#8221; _builder_version=&#8221;4.27.4&#8243; _module_preset=&#8221;2e05014d-9059-4586-98cf-e2678123eefd&#8221; global_colors_info=&#8221;{}&#8221;][\/et_pb_heading][et_pb_text _builder_version=&#8221;4.27.4&#8243; _module_preset=&#8221;5cfd1252-657f-4bde-ba65-7968cffb1106&#8243; global_colors_info=&#8221;{}&#8221;]El que realment ens defineix \u00e9s la nostra \u201c\u00e0nima creativa\u201d. Entenem que un v\u00eddeo aeri no \u00e9s un mer sobrevol; \u00e9s una coreografia de moviments, llum i enquadraments que ha de transmetre un missatge. Ja sigui evocant el somni de viure en un habitatge exclusiu, l&#8217;emoci\u00f3 d&#8217;un esdeveniment irrepetible o l&#8217;aven\u00e7 imparable d&#8217;una infraestructura posem intenci\u00f3 a cada pla. Ens mou la passi\u00f3 per mostrar all\u00f2 invisible, revelar all\u00f2 extraordinari en all\u00f2 quotidi\u00e0 i oferir-te una finestra al m\u00f3n que marqui la difer\u00e8ncia en un mercat visualment saturat.<br \/>\n[\/et_pb_text][\/et_pb_column][\/et_pb_row][\/et_pb_section]<\/p>\n","protected":false},"excerpt":{"rendered":"<p>A DRON MF no nom\u00e9s volem drones: elevem projectes perqu\u00e8 s&#8217;entenguin, s&#8217;asseuen i es tri\u00efn.Unim precisi\u00f3 t\u00e8cnica i mirada cinematogr\u00e0fica per capturar emoci\u00f3 i dades a cada pla.Portem anys a l&#8217;aire: treballem amb drones des de l&#8217;inici i sabem exactament qu\u00e8 funciona.Tecnologia 4K\/6K i RTK, sempre dins el marc legal d&#8217;AESA, amb assegurances i autoritzacions.D&#8217;una [&hellip;]<\/p>\n","protected":false},"author":1,"featured_media":0,"parent":0,"menu_order":0,"comment_status":"closed","ping_status":"closed","template":"","meta":{"_et_pb_use_builder":"on","_et_pb_old_content":"<p>[et_pb_section fb_built=\"1\" admin_label=\"Header\" _builder_version=\"4.27.4\" _module_preset=\"288a5cb0-7435-400c-9fec-e4d4a9ee77e4\" background_image=\"https:\/\/dronmf.es\/wp-content\/uploads\/2025\/07\/autelpilot.eu_evo_max.jpg\" custom_padding=\"80px||80px||true|\" locked=\"off\" collapsed=\"on\"][et_pb_row _builder_version=\"4.27.4\" _module_preset=\"default\" hover_enabled=\"0\" global_colors_info=\"{}\" width=\"100%\" sticky_enabled=\"0\"][et_pb_column type=\"4_4\" _builder_version=\"4.27.4\" _module_preset=\"default\" global_colors_info=\"{}\"][et_pb_heading title=\"\u00bfQui\u00e9nes somos?\" _builder_version=\"4.27.4\" _module_preset=\"11e1c848-cabc-4218-bae0-d3c9dc50f8db\" title_text_color=\"#FFFFFF\" max_width=\"100%\" hover_enabled=\"0\" global_colors_info=\"{}\" title_text_align=\"center\" sticky_enabled=\"0\" title_font_size=\"55px\"][\/et_pb_heading][\/et_pb_column][\/et_pb_row][\/et_pb_section][et_pb_section fb_built=\"1\" disabled_on=\"off|off|off\" admin_label=\"Programs\" _builder_version=\"4.27.4\" _module_preset=\"default\" locked=\"off\" collapsed=\"on\" global_colors_info=\"{}\"][et_pb_row column_structure=\"1_3,2_3\" _builder_version=\"4.27.4\" _module_preset=\"default\" global_colors_info=\"{}\"][et_pb_column type=\"1_3\" _builder_version=\"4.27.4\" _module_preset=\"default\" global_colors_info=\"{}\"][et_pb_heading title=\"DRON MF\" _builder_version=\"4.27.4\" _module_preset=\"117df2cc-bd25-4901-905f-97927e02476e\" global_colors_info=\"{}\"][\/et_pb_heading][\/et_pb_column][et_pb_column type=\"2_3\" _builder_version=\"4.27.4\" _module_preset=\"default\" global_colors_info=\"{}\"][et_pb_text _builder_version=\"4.27.4\" _module_preset=\"5cfd1252-657f-4bde-ba65-7968cffb1106\" global_colors_info=\"{}\"]<\/p><p>Somos mucho m\u00e1s que operadores de drones; somos narradores visuales apasionados que transformamos perspectivas a\u00e9reas en herramientas poderosas para tu \u00e9xito.<\/p><p>[\/et_pb_text][\/et_pb_column][\/et_pb_row][et_pb_row column_structure=\"1_3,1_3,1_3\" _builder_version=\"4.27.4\" _module_preset=\"default\" global_colors_info=\"{}\"][et_pb_column type=\"1_3\" _builder_version=\"4.27.4\" _module_preset=\"default\" global_colors_info=\"{}\"][et_pb_image src=\"https:\/\/dronmf.es\/wp-content\/uploads\/2025\/09\/WhatsApp-Image-2025-09-09-at-10.08.32.jpeg\" title_text=\"WhatsApp Image 2025-09-09 at 10.08.32\" _builder_version=\"4.27.4\" _module_preset=\"default\" global_colors_info=\"{}\"][\/et_pb_image][et_pb_heading title=\"Equipo\" _builder_version=\"4.27.4\" _module_preset=\"2e05014d-9059-4586-98cf-e2678123eefd\" global_colors_info=\"{}\"][\/et_pb_heading][et_pb_text _builder_version=\"4.27.4\" _module_preset=\"5cfd1252-657f-4bde-ba65-7968cffb1106\" global_colors_info=\"{}\"]<\/p><p>Nuestro equipo fusiona la meticulosidad t\u00e9cnica con una visi\u00f3n art\u00edstica, obsesionados con capturar no solo im\u00e1genes, sino emociones y datos desde el cielo.<\/p><p>Creemos que cada proyecto, ya sea la presentaci\u00f3n de una propiedad emblem\u00e1tica o la documentaci\u00f3n de una obra monumental, merece una aproximaci\u00f3n \u00fanica y personalizada.<br \/>Tenemos la experiencia y sabemos lo que estamos haciendo.<br \/>Trabajamos con drones desde que empezaron a estar disponibles en el mercado.<\/p><p>\u00a0<\/p><p>[\/et_pb_text][\/et_pb_column][et_pb_column type=\"1_3\" _builder_version=\"4.27.4\" _module_preset=\"default\" global_colors_info=\"{}\"][et_pb_image src=\"https:\/\/dronmf.es\/wp-content\/uploads\/2025\/09\/WhatsApp-Image-2025-09-09-at-10.08.34-1.jpeg\" title_text=\"WhatsApp Image 2025-09-09 at 10.08.34 (1)\" _builder_version=\"4.27.4\" _module_preset=\"default\" global_colors_info=\"{}\"][\/et_pb_image][et_pb_heading title=\"Tecnolog\u00eda\" _builder_version=\"4.27.4\" _module_preset=\"2e05014d-9059-4586-98cf-e2678123eefd\" global_colors_info=\"{}\"][\/et_pb_heading][et_pb_text _builder_version=\"4.27.4\" _module_preset=\"5cfd1252-657f-4bde-ba65-7968cffb1106\" global_colors_info=\"{}\"]<\/p><p>Utilizamos tecnolog\u00eda de vanguardia (drones de \u00faltima generaci\u00f3n, c\u00e1maras 4K\/6K, sistemas RTK para precisi\u00f3n milim\u00e9trica) combinada con un profundo conocimiento normativo. Volamos siempre dentro del estricto marco legal de AESA (Agencia Estatal de Seguridad A\u00e9rea), con seguros de responsabilidad civil espec\u00edficos y todas las autorizaciones requeridas. Esta rigurosidad nos permite operar con seguridad en entornos complejos, desde cascos urbanos hasta reservas naturales, garantizando tranquilidad absoluta a nuestros clientes.<\/p><p>[\/et_pb_text][\/et_pb_column][et_pb_column type=\"1_3\" _builder_version=\"4.27.4\" _module_preset=\"default\" global_colors_info=\"{}\"][et_pb_image src=\"https:\/\/dronmf.es\/wp-content\/uploads\/2025\/09\/WhatsApp-Image-2025-09-09-at-10.08.31-1.jpeg\" title_text=\"WhatsApp Image 2025-09-09 at 10.08.31 (1)\" _builder_version=\"4.27.4\" _module_preset=\"default\" global_colors_info=\"{}\"][\/et_pb_image][et_pb_heading title=\"Creatividad\" _builder_version=\"4.27.4\" _module_preset=\"2e05014d-9059-4586-98cf-e2678123eefd\" global_colors_info=\"{}\"][\/et_pb_heading][et_pb_text _builder_version=\"4.27.4\" _module_preset=\"5cfd1252-657f-4bde-ba65-7968cffb1106\" global_colors_info=\"{}\"]<\/p><p>Lo que realmente nos define es nuestra \"alma creativa\". Entendemos que un v\u00eddeo a\u00e9reo no es un mero sobrevuelo; es una coreograf\u00eda de movimientos, luz y encuadres que debe transmitir un mensaje. Ya sea evocando el sue\u00f1o de vivir en una vivienda exclusiva, la emoci\u00f3n de un evento irrepetible o el avance imparable de una infraestructura, ponemos intenci\u00f3n en cada plano. Nos mueve la pasi\u00f3n por mostrar lo invisible, revelar lo extraordinario en lo cotidiano y ofrecerte una ventana al mundo que marque la diferencia en un mercado visualmente saturado.<\/p><p>[\/et_pb_text][\/et_pb_column][\/et_pb_row][\/et_pb_section]<\/p>","_et_gb_content_width":"","footnotes":""},"class_list":["post-747","page","type-page","status-publish","hentry"],"_links":{"self":[{"href":"https:\/\/dronmf.es\/ca\/wp-json\/wp\/v2\/pages\/747","targetHints":{"allow":["GET"]}}],"collection":[{"href":"https:\/\/dronmf.es\/ca\/wp-json\/wp\/v2\/pages"}],"about":[{"href":"https:\/\/dronmf.es\/ca\/wp-json\/wp\/v2\/types\/page"}],"author":[{"embeddable":true,"href":"https:\/\/dronmf.es\/ca\/wp-json\/wp\/v2\/users\/1"}],"replies":[{"embeddable":true,"href":"https:\/\/dronmf.es\/ca\/wp-json\/wp\/v2\/comments?post=747"}],"version-history":[{"count":6,"href":"https:\/\/dronmf.es\/ca\/wp-json\/wp\/v2\/pages\/747\/revisions"}],"predecessor-version":[{"id":851,"href":"https:\/\/dronmf.es\/ca\/wp-json\/wp\/v2\/pages\/747\/revisions\/851"}],"wp:attachment":[{"href":"https:\/\/dronmf.es\/ca\/wp-json\/wp\/v2\/media?parent=747"}],"curies":[{"name":"wp","href":"https:\/\/api.w.org\/{rel}","templated":true}]}}