{"id":762,"date":"2025-07-29T07:42:31","date_gmt":"2025-07-29T07:42:31","guid":{"rendered":"https:\/\/dronmf.es\/?page_id=762"},"modified":"2026-03-10T08:56:04","modified_gmt":"2026-03-10T08:56:04","slug":"serveis","status":"publish","type":"page","link":"https:\/\/dronmf.es\/ca\/serveis\/","title":{"rendered":"Serveis"},"content":{"rendered":"<p>[et_pb_section fb_built=&#8221;1&#8243; admin_label=&#8221;Header&#8221; _builder_version=&#8221;4.27.4&#8243; _module_preset=&#8221;288a5cb0-7435-400c-9fec-e4d4a9ee77e4&#8243; background_image=&#8221;https:\/\/dronmf.es\/wp-content\/uploads\/2025\/09\/WhatsApp-Image-2025-09-09-at-10.08.34-1.jpeg&#8221; hover_enabled=&#8221;0&#8243; locked=&#8221;off&#8221; collapsed=&#8221;on&#8221; global_colors_info=&#8221;{}&#8221; custom_padding=&#8221;150px||150px||false|false&#8221; title_text=&#8221;dronmf bucle 2&#8243; background_video_mp4=&#8221;https:\/\/dronmf.es\/wp-content\/uploads\/2026\/03\/dronmf-bucle-2-2.mp4&#8243; sticky_enabled=&#8221;0&#8243;][\/et_pb_section][et_pb_section fb_built=&#8221;1&#8243; admin_label=&#8221;Feature&#8221; _builder_version=&#8221;4.27.4&#8243; _module_preset=&#8221;default&#8221; collapsed=&#8221;off&#8221; global_colors_info=&#8221;{}&#8221;][et_pb_row _builder_version=&#8221;4.27.4&#8243; _module_preset=&#8221;default&#8221; global_colors_info=&#8221;{}&#8221;][et_pb_column type=&#8221;4_4&#8243; _builder_version=&#8221;4.27.4&#8243; _module_preset=&#8221;default&#8221; global_colors_info=&#8221;{}&#8221;][et_pb_text _builder_version=&#8221;4.27.4&#8243; _module_preset=&#8221;95c758ea-270b-4a14-9753-55171ef6c00c&#8221; text_font_size=&#8221;30px&#8221; header_text_align=&#8221;center&#8221; hover_enabled=&#8221;0&#8243; global_colors_info=&#8221;{}&#8221; text_text_color=&#8221;#000000&#8243; sticky_enabled=&#8221;0&#8243;]<\/p>\n<p style=\"text-align: center;\">Convertim el potencial del dron en solucions concretes i d&#8217;alt impacte per a diversos sectors, estructurades en tres pilars estrat\u00e8gics:<\/p>\n<p>[\/et_pb_text][\/et_pb_column][\/et_pb_row][et_pb_row column_structure=&#8221;1_2,1_2&#8243; _builder_version=&#8221;4.27.4&#8243; _module_preset=&#8221;fa1be1a7-c19c-4592-b716-3a69aca793dc&#8221; overflow-x=&#8221;visible&#8221; overflow-y=&#8221;visible&#8221; custom_margin=&#8221;120px||120px||false|false&#8221; custom_margin_tablet=&#8221;0px||120px||false|false&#8221; custom_margin_phone=&#8221;0px||120px||false|false&#8221; custom_margin_last_edited=&#8221;on|tablet&#8221; global_colors_info=&#8221;{}&#8221;][et_pb_column type=&#8221;1_2&#8243; _builder_version=&#8221;4.27.4&#8243; _module_preset=&#8221;default&#8221; global_colors_info=&#8221;{}&#8221;][et_pb_heading title=&#8221;Comercialitzaci\u00f3 i Venda&#8221; _builder_version=&#8221;4.27.4&#8243; _module_preset=&#8221;117df2cc-bd25-4901-905f-97927e02476e&#8221; title_text_color=&#8221;#FFFFFF&#8221; global_colors_info=&#8221;{}&#8221;][\/et_pb_heading][et_pb_text _builder_version=&#8221;4.27.4&#8243; _module_preset=&#8221;d18d11cc-c52b-40d3-ab1b-c17421cfdba0&#8243; global_colors_info=&#8221;{}&#8221;]<\/p>\n<p>El poder de la vista a\u00e8ria \u00e9s insuperable per mostrar propietats. Capturem habitatges, pisos de luxe, terrenys extensos, complexos tur\u00edstics i naus industrials amb pl\u00e0nols envoltants, recorreguts virtuals immersius i v\u00eddeos cinematogr\u00e0fics que desperten el desig. Integrem fotografia terrestre professional per oferir una visi\u00f3 completa i connectada emocionalment amb el comprador potencial. No nom\u00e9s mostrem espais, venem estils de vida i oportunitats dinversi\u00f3.<\/p>\n<p>[\/et_pb_text][et_pb_button button_url=&#8221;https:\/\/dronmf.es\/comercializacion\/&#8221; button_text=&#8221;M\u00e9s informaci\u00f3&#8221; _builder_version=&#8221;4.27.4&#8243; _module_preset=&#8221;5ff20803-0295-4362-b32c-c8533f3b8a90&#8243; global_colors_info=&#8221;{}&#8221;][\/et_pb_button][\/et_pb_column][et_pb_column type=&#8221;1_2&#8243; _builder_version=&#8221;4.27.4&#8243; _module_preset=&#8221;default&#8221; global_colors_info=&#8221;{}&#8221;][et_pb_image src=&#8221;https:\/\/dronmf.es\/wp-content\/uploads\/2025\/07\/0-2bc9dfad-2537-455e-88c0-4c6420d0d033-800&#215;1080.jpg&#8221; title_text=&#8221;0-2bc9dfad-2537-455e-88c0-4c6420d0d033-800&#215;1080&#8243; _builder_version=&#8221;4.27.4&#8243; _module_preset=&#8221;default&#8221; custom_margin=&#8221;-120px||-120px||false|false&#8221; custom_margin_tablet=&#8221;0px||-120px||false|false&#8221; custom_margin_phone=&#8221;0px||-120px||false|false&#8221; custom_margin_last_edited=&#8221;on|tablet&#8221; global_colors_info=&#8221;{}&#8221;][\/et_pb_image][\/et_pb_column][\/et_pb_row][et_pb_row _builder_version=&#8221;4.27.4&#8243; _module_preset=&#8221;default&#8221; global_colors_info=&#8221;{}&#8221;][et_pb_column type=&#8221;4_4&#8243; _builder_version=&#8221;4.27.4&#8243; _module_preset=&#8221;default&#8221; border_color_all=&#8221;gcid-primary-color&#8221; border_width_left=&#8221;8px&#8221; global_colors_info=&#8221;{%22gcid-primary-color%22:%91%22border_color_all%22%93}&#8221;][et_pb_heading title=&#8221;Des de l&#8217;Aire, La seva Propietat es Ven Millor: Imatges que Captivan Compradors.&#8221; _builder_version=&#8221;4.27.4&#8243; _module_preset=&#8221;117df2cc-bd25-4901-905f-97927e02476e&#8221; custom_padding=&#8221;|||30px|false|false&#8221; global_colors_info=&#8221;{}&#8221;][\/et_pb_heading][\/et_pb_column][\/et_pb_row][\/et_pb_section][et_pb_section fb_built=&#8221;1&#8243; admin_label=&#8221;Feature&#8221; _builder_version=&#8221;4.27.4&#8243; _module_preset=&#8221;default&#8221; collapsed=&#8221;off&#8221; global_colors_info=&#8221;{}&#8221;][et_pb_row column_structure=&#8221;1_2,1_2&#8243; _builder_version=&#8221;4.27.4&#8243; _module_preset=&#8221;fa1be1a7-c19c-4592-b716-3a69aca793dc&#8221; overflow-x=&#8221;visible&#8221; overflow-y=&#8221;visible&#8221; custom_margin=&#8221;120px||120px||false|false&#8221; custom_margin_tablet=&#8221;0px||120px||false|false&#8221; custom_margin_phone=&#8221;0px||120px||false|false&#8221; custom_margin_last_edited=&#8221;on|tablet&#8221; global_colors_info=&#8221;{}&#8221;][et_pb_column type=&#8221;1_2&#8243; _builder_version=&#8221;4.27.4&#8243; _module_preset=&#8221;default&#8221; global_colors_info=&#8221;{}&#8221;][et_pb_image src=&#8221;https:\/\/dronmf.es\/wp-content\/uploads\/2025\/07\/0-69cd1e81-a0af-42ff-9570-8b026488caf5-800&#215;1080.jpg&#8221; title_text=&#8221;0-69cd1e81-a0af-42ff-9570-8b026488caf5-800&#215;1080&#8243; _builder_version=&#8221;4.27.4&#8243; _module_preset=&#8221;default&#8221; custom_margin=&#8221;-120px||-120px||false|false&#8221; custom_margin_tablet=&#8221;0px||-120px||false|false&#8221; custom_margin_phone=&#8221;0px||-120px||false|false&#8221; custom_margin_last_edited=&#8221;on|tablet&#8221; global_colors_info=&#8221;{}&#8221;][\/et_pb_image][\/et_pb_column][et_pb_column type=&#8221;1_2&#8243; _builder_version=&#8221;4.27.4&#8243; _module_preset=&#8221;default&#8221; global_colors_info=&#8221;{}&#8221;][et_pb_heading title=&#8221;Sector Promocional&#8221; _builder_version=&#8221;4.27.4&#8243; _module_preset=&#8221;117df2cc-bd25-4901-905f-97927e02476e&#8221; title_text_color=&#8221;#FFFFFF&#8221; global_colors_info=&#8221;{}&#8221;][\/et_pb_heading][et_pb_text _builder_version=&#8221;4.27.4&#8243; _module_preset=&#8221;d18d11cc-c52b-40d3-ab1b-c17421cfdba0&#8243; global_colors_info=&#8221;{}&#8221;]<\/p>\n<p>Creem contingut audiovisual espectacular que eleva marques i destins. Filmem esdeveniments (cases exclusives, festivals multitudinaris, esports d&#8217;aventura) amb preses impossibles que capturen l&#8217;energia i l&#8217;escala. Desenvolupem v\u00eddeos promocionals tur\u00edstics que mostren paisatges, platges i patrimoni des d&#8217;angles \u00e8pics. Generem contingut din\u00e0mic per a xarxes socials (Reels, TikTok) que viralitza el seu missatge. Afegim banda sonora personalitzada, efectes especials subtils i gr\u00e0fics per maximitzar limpacte emocional.<\/p>\n<p>[\/et_pb_text][et_pb_button button_url=&#8221;https:\/\/dronmf.es\/sector-promocional\/&#8221; button_text=&#8221;M\u00e9s informaci\u00f3&#8221; _builder_version=&#8221;4.27.4&#8243; _module_preset=&#8221;5ff20803-0295-4362-b32c-c8533f3b8a90&#8243; global_colors_info=&#8221;{}&#8221;][\/et_pb_button][\/et_pb_column][\/et_pb_row][et_pb_row _builder_version=&#8221;4.27.4&#8243; _module_preset=&#8221;default&#8221; global_colors_info=&#8221;{}&#8221;][et_pb_column type=&#8221;4_4&#8243; _builder_version=&#8221;4.27.4&#8243; _module_preset=&#8221;default&#8221; border_color_all=&#8221;gcid-primary-color&#8221; border_width_left=&#8221;8px&#8221; global_colors_info=&#8221;{%22gcid-primary-color%22:%91%22border_color_all%22%93}&#8221;][et_pb_heading title=&#8221;No pilotem drones, pilotem somnis. Transformem perspectives a\u00e8ries en narratives visuals impactants per a la seva marca.%22&#8243; _builder_version=&#8221;4.27.4&#8243; _module_preset=&#8221;117df2cc-bd25-4901-905f-97927e02476e&#8221; title_text_align=&#8221;right&#8221; custom_padding=&#8221;|||30px|false|false&#8221; global_colors_info=&#8221;{}&#8221;][\/et_pb_heading][\/et_pb_column][\/et_pb_row][\/et_pb_section][et_pb_section fb_built=&#8221;1&#8243; admin_label=&#8221;Feature&#8221; _builder_version=&#8221;4.27.4&#8243; _module_preset=&#8221;default&#8221; collapsed=&#8221;off&#8221; global_colors_info=&#8221;{}&#8221;][et_pb_row column_structure=&#8221;1_2,1_2&#8243; _builder_version=&#8221;4.27.4&#8243; _module_preset=&#8221;fa1be1a7-c19c-4592-b716-3a69aca793dc&#8221; overflow-x=&#8221;visible&#8221; overflow-y=&#8221;visible&#8221; custom_margin=&#8221;120px||120px||false|false&#8221; custom_margin_tablet=&#8221;0px||120px||false|false&#8221; custom_margin_phone=&#8221;0px||120px||false|false&#8221; custom_margin_last_edited=&#8221;on|tablet&#8221; global_colors_info=&#8221;{}&#8221;][et_pb_column type=&#8221;1_2&#8243; _builder_version=&#8221;4.27.4&#8243; _module_preset=&#8221;default&#8221; global_colors_info=&#8221;{}&#8221;][et_pb_heading title=&#8221;V\u00eddeo T\u00e8cnic&#8221; _builder_version=&#8221;4.27.4&#8243; _module_preset=&#8221;117df2cc-bd25-4901-905f-97927e02476e&#8221; title_text_color=&#8221;#FFFFFF&#8221; global_colors_info=&#8221;{}&#8221;][\/et_pb_heading][et_pb_text _builder_version=&#8221;4.27.4&#8243; _module_preset=&#8221;d18d11cc-c52b-40d3-ab1b-c17421cfdba0&#8243; global_colors_info=&#8221;{}&#8221;]<\/p>\n<p>M\u00e9s enll\u00e0 de la bellesa, oferim precisi\u00f3 i dades. Realitzem seguiments exhaustius d&#8217;obres i construcci\u00f3, generant ortomosaics georeferenciats, models 3D digitals (n\u00favols de punts, models texturitzats), corbes de nivell i mesuraments volum\u00e8trics necessaris per a control d&#8217;aven\u00e7os, planificaci\u00f3 i documentaci\u00f3. Donem suport a inspeccions t\u00e8cniques d&#8217;infraestructures (torres el\u00e8ctriques, panells solars, fa\u00e7anes) amb termografia i zoom \u00f2ptic, identificant problemes de forma segura i eficient. Documentem actius amb imatges geoetiquetades per a inventaris i valoracions.<\/p>\n<p>[\/et_pb_text][et_pb_button button_url=&#8221;https:\/\/dronmf.es\/grabaciones-tecnicas\/&#8221; button_text=&#8221;M\u00e9s informaci\u00f3&#8221; _builder_version=&#8221;4.27.4&#8243; _module_preset=&#8221;5ff20803-0295-4362-b32c-c8533f3b8a90&#8243; global_colors_info=&#8221;{}&#8221;][\/et_pb_button][\/et_pb_column][et_pb_column type=&#8221;1_2&#8243; _builder_version=&#8221;4.27.4&#8243; _module_preset=&#8221;default&#8221; global_colors_info=&#8221;{}&#8221;][et_pb_image src=&#8221;https:\/\/dronmf.es\/wp-content\/uploads\/2025\/07\/0-5089d8a9-67d5-4cf7-b58c-276942dc861c-800&#215;1080.jpg&#8221; title_text=&#8221;0-5089d8a9-67d5-4cf7-b58c-276942dc861c-800&#215;1080&#8243; _builder_version=&#8221;4.27.4&#8243; _module_preset=&#8221;default&#8221; custom_margin=&#8221;-120px||-120px||false|false&#8221; custom_margin_tablet=&#8221;0px||-120px||false|false&#8221; custom_margin_phone=&#8221;0px||-120px||false|false&#8221; custom_margin_last_edited=&#8221;on|tablet&#8221; global_colors_info=&#8221;{}&#8221;][\/et_pb_image][\/et_pb_column][\/et_pb_row][et_pb_row _builder_version=&#8221;4.27.4&#8243; _module_preset=&#8221;default&#8221; global_colors_info=&#8221;{}&#8221;][et_pb_column type=&#8221;4_4&#8243; _builder_version=&#8221;4.27.4&#8243; _module_preset=&#8221;default&#8221; border_color_all=&#8221;gcid-primary-color&#8221; border_width_left=&#8221;8px&#8221; global_colors_info=&#8221;{%22gcid-primary-color%22:%91%22border_color_all%22%93}&#8221;][et_pb_heading title=&#8221;Obres en Perspectiva: Seguiment Aeri Prec\u00eds per a Control Total.&#8221; _builder_version=&#8221;4.27.4&#8243; _module_preset=&#8221;117df2cc-bd25-4901-905f-97927e02476e&#8221; custom_padding=&#8221;|||30px|false|false&#8221; global_colors_info=&#8221;{}&#8221;][\/et_pb_heading][\/et_pb_column][\/et_pb_row][\/et_pb_section]<\/p>\n","protected":false},"excerpt":{"rendered":"<p>Convertim el potencial del dron en solucions concretes i d&#8217;alt impacte per a diversos sectors, estructurades en tres pilars estrat\u00e8gics:El poder de la vista a\u00e8ria \u00e9s insuperable per mostrar propietats. Capturem habitatges, pisos de luxe, terrenys extensos, complexos tur\u00edstics i naus industrials amb pl\u00e0nols envoltants, recorreguts virtuals immersius i v\u00eddeos cinematogr\u00e0fics que desperten el desig. [&hellip;]<\/p>\n","protected":false},"author":1,"featured_media":0,"parent":0,"menu_order":0,"comment_status":"closed","ping_status":"closed","template":"","meta":{"_et_pb_use_builder":"on","_et_pb_old_content":"<p>[et_pb_section fb_built=\"1\" admin_label=\"Header\" _builder_version=\"4.27.4\" _module_preset=\"288a5cb0-7435-400c-9fec-e4d4a9ee77e4\" background_image=\"https:\/\/dronmf.es\/wp-content\/uploads\/2025\/09\/WhatsApp-Image-2025-09-09-at-10.08.34-1.jpeg\" locked=\"off\" collapsed=\"on\"][et_pb_row _builder_version=\"4.27.4\" _module_preset=\"default\" global_colors_info=\"{}\"][et_pb_column type=\"4_4\" _builder_version=\"4.27.4\" _module_preset=\"default\" global_colors_info=\"{}\"][et_pb_heading title=\"Servicios\" _builder_version=\"4.27.4\" _module_preset=\"11e1c848-cabc-4218-bae0-d3c9dc50f8db\" title_text_align=\"center\" title_text_color=\"#FFFFFF\" title_font_size=\"55px\" global_colors_info=\"{}\"][\/et_pb_heading][et_pb_text _builder_version=\"4.27.4\" _module_preset=\"95c758ea-270b-4a14-9753-55171ef6c00c\" text_font_size=\"30px\" header_text_align=\"center\" global_colors_info=\"{}\"]<\/p><p style=\"text-align: center;\">Convertimos el potencial del dron en soluciones concretas y de alto impacto para diversos sectores, estructuradas en tres pilares estrat\u00e9gicos:<\/p><p>[\/et_pb_text][\/et_pb_column][\/et_pb_row][\/et_pb_section][et_pb_section fb_built=\"1\" admin_label=\"Feature\" _builder_version=\"4.27.4\" _module_preset=\"default\" collapsed=\"off\" global_colors_info=\"{}\"][et_pb_row column_structure=\"1_2,1_2\" _builder_version=\"4.27.4\" _module_preset=\"fa1be1a7-c19c-4592-b716-3a69aca793dc\" overflow-x=\"visible\" overflow-y=\"visible\" custom_margin=\"120px||120px||false|false\" custom_margin_tablet=\"0px||120px||false|false\" custom_margin_phone=\"0px||120px||false|false\" custom_margin_last_edited=\"on|tablet\" global_colors_info=\"{}\"][et_pb_column type=\"1_2\" _builder_version=\"4.27.4\" _module_preset=\"default\" global_colors_info=\"{}\"][et_pb_heading title=\"Comercializaci\u00f3n y Venta\" _builder_version=\"4.27.4\" _module_preset=\"117df2cc-bd25-4901-905f-97927e02476e\" title_text_color=\"#FFFFFF\" global_colors_info=\"{}\"][\/et_pb_heading][et_pb_text _builder_version=\"4.27.4\" _module_preset=\"d18d11cc-c52b-40d3-ab1b-c17421cfdba0\" global_colors_info=\"{}\"]<\/p><p>El poder de la vista a\u00e9rea es insuperable para mostrar propiedades. Capturamos viviendas, pisos de lujo, terrenos extensos, complejos tur\u00edsticos y naves industriales con planos envolventes, recorridos virtuales inmersivos y v\u00eddeos cinematogr\u00e1ficos que despiertan el deseo. Integramos fotograf\u00eda terrestre profesional para ofrecer una visi\u00f3n completa y conectada emocionalmente con el comprador potencial. No solo mostramos espacios, vendemos estilos de vida y oportunidades de inversi\u00f3n.<\/p><p>[\/et_pb_text][et_pb_button button_url=\"https:\/\/dronmf.es\/comercializacion\/\" button_text=\"M\u00e1s informaci\u00f3n\" _builder_version=\"4.27.4\" _module_preset=\"5ff20803-0295-4362-b32c-c8533f3b8a90\" global_colors_info=\"{}\"][\/et_pb_button][\/et_pb_column][et_pb_column type=\"1_2\" _builder_version=\"4.27.4\" _module_preset=\"default\" global_colors_info=\"{}\"][et_pb_image src=\"https:\/\/dronmf.es\/wp-content\/uploads\/2025\/07\/0-2bc9dfad-2537-455e-88c0-4c6420d0d033-800x1080.jpg\" title_text=\"0-2bc9dfad-2537-455e-88c0-4c6420d0d033-800x1080\" _builder_version=\"4.27.4\" _module_preset=\"default\" custom_margin=\"-120px||-120px||false|false\" custom_margin_tablet=\"0px||-120px||false|false\" custom_margin_phone=\"0px||-120px||false|false\" custom_margin_last_edited=\"on|tablet\" global_colors_info=\"{}\"][\/et_pb_image][\/et_pb_column][\/et_pb_row][et_pb_row _builder_version=\"4.27.4\" _module_preset=\"default\" global_colors_info=\"{}\"][et_pb_column type=\"4_4\" _builder_version=\"4.27.4\" _module_preset=\"default\" border_color_all=\"gcid-primary-color\" border_width_left=\"8px\" global_colors_info=\"{%22gcid-primary-color%22:%91%22border_color_all%22%93}\"][et_pb_heading title=\"Desde el Aire, Su Propiedad se Vende Mejor: Im\u00e1genes que Cautivan Compradores.\" _builder_version=\"4.27.4\" _module_preset=\"117df2cc-bd25-4901-905f-97927e02476e\" custom_padding=\"|||30px|false|false\" global_colors_info=\"{}\"][\/et_pb_heading][\/et_pb_column][\/et_pb_row][\/et_pb_section][et_pb_section fb_built=\"1\" admin_label=\"Feature\" _builder_version=\"4.27.4\" _module_preset=\"default\" collapsed=\"off\" global_colors_info=\"{}\"][et_pb_row column_structure=\"1_2,1_2\" _builder_version=\"4.27.4\" _module_preset=\"fa1be1a7-c19c-4592-b716-3a69aca793dc\" overflow-x=\"visible\" overflow-y=\"visible\" custom_margin=\"120px||120px||false|false\" custom_margin_tablet=\"0px||120px||false|false\" custom_margin_phone=\"0px||120px||false|false\" custom_margin_last_edited=\"on|tablet\" global_colors_info=\"{}\"][et_pb_column type=\"1_2\" _builder_version=\"4.27.4\" _module_preset=\"default\" global_colors_info=\"{}\"][et_pb_image src=\"https:\/\/dronmf.es\/wp-content\/uploads\/2025\/07\/0-69cd1e81-a0af-42ff-9570-8b026488caf5-800x1080.jpg\" title_text=\"0-69cd1e81-a0af-42ff-9570-8b026488caf5-800x1080\" _builder_version=\"4.27.4\" _module_preset=\"default\" custom_margin=\"-120px||-120px||false|false\" custom_margin_tablet=\"0px||-120px||false|false\" custom_margin_phone=\"0px||-120px||false|false\" custom_margin_last_edited=\"on|tablet\" global_colors_info=\"{}\"][\/et_pb_image][\/et_pb_column][et_pb_column type=\"1_2\" _builder_version=\"4.27.4\" _module_preset=\"default\" global_colors_info=\"{}\"][et_pb_heading title=\"Sector Promocional\" _builder_version=\"4.27.4\" _module_preset=\"117df2cc-bd25-4901-905f-97927e02476e\" title_text_color=\"#FFFFFF\" global_colors_info=\"{}\"][\/et_pb_heading][et_pb_text _builder_version=\"4.27.4\" _module_preset=\"d18d11cc-c52b-40d3-ab1b-c17421cfdba0\" global_colors_info=\"{}\"]<\/p><p>Creamos contenido audiovisual espectacular que eleva marcas y destinos. Filmamos eventos (bodas exclusivas, festivales multitudinarios, deportes de aventura) con tomas imposibles que capturan la energ\u00eda y la escala. Desarrollamos v\u00eddeos promocionales tur\u00edsticos que muestran paisajes, playas y patrimonio desde \u00e1ngulos \u00e9picos. Generamos contenido din\u00e1mico para redes sociales (Reels, TikTok) que viraliza su mensaje. A\u00f1adimos banda sonora personalizada, efectos especiales sutiles y gr\u00e1ficos para maximizar el impacto emocional.<\/p><p>[\/et_pb_text][et_pb_button button_url=\"https:\/\/dronmf.es\/sector-promocional\/\" button_text=\"M\u00e1s informaci\u00f3n\" _builder_version=\"4.27.4\" _module_preset=\"5ff20803-0295-4362-b32c-c8533f3b8a90\" global_colors_info=\"{}\"][\/et_pb_button][\/et_pb_column][\/et_pb_row][et_pb_row _builder_version=\"4.27.4\" _module_preset=\"default\" global_colors_info=\"{}\"][et_pb_column type=\"4_4\" _builder_version=\"4.27.4\" _module_preset=\"default\" border_color_all=\"gcid-primary-color\" border_width_left=\"8px\" global_colors_info=\"{%22gcid-primary-color%22:%91%22border_color_all%22%93}\"][et_pb_heading title=\"No pilotamos drones, pilotamos sue\u00f1os. Transformamos perspectivas a\u00e9reas en narrativas visuales impactantes para su marca.%22\" _builder_version=\"4.27.4\" _module_preset=\"117df2cc-bd25-4901-905f-97927e02476e\" title_text_align=\"right\" custom_padding=\"|||30px|false|false\" global_colors_info=\"{}\"][\/et_pb_heading][\/et_pb_column][\/et_pb_row][\/et_pb_section][et_pb_section fb_built=\"1\" admin_label=\"Feature\" _builder_version=\"4.27.4\" _module_preset=\"default\" collapsed=\"off\" global_colors_info=\"{}\"][et_pb_row column_structure=\"1_2,1_2\" _builder_version=\"4.27.4\" _module_preset=\"fa1be1a7-c19c-4592-b716-3a69aca793dc\" overflow-x=\"visible\" overflow-y=\"visible\" custom_margin=\"120px||120px||false|false\" custom_margin_tablet=\"0px||120px||false|false\" custom_margin_phone=\"0px||120px||false|false\" custom_margin_last_edited=\"on|tablet\" global_colors_info=\"{}\"][et_pb_column type=\"1_2\" _builder_version=\"4.27.4\" _module_preset=\"default\" global_colors_info=\"{}\"][et_pb_heading title=\"V\u00eddeo T\u00e9cnico\" _builder_version=\"4.27.4\" _module_preset=\"117df2cc-bd25-4901-905f-97927e02476e\" title_text_color=\"#FFFFFF\" global_colors_info=\"{}\"][\/et_pb_heading][et_pb_text _builder_version=\"4.27.4\" _module_preset=\"d18d11cc-c52b-40d3-ab1b-c17421cfdba0\" global_colors_info=\"{}\"]<\/p><p>M\u00e1s all\u00e1 de la belleza, ofrecemos precisi\u00f3n y datos. Realizamos seguimientos exhaustivos de obras y construcci\u00f3n, generando ortomosaicos georreferenciados, modelos 3D digitales (nubes de puntos, modelos texturizados), curvas de nivel y mediciones volum\u00e9tricas precisas para control de avances, planificaci\u00f3n y documentaci\u00f3n. Apoyamos inspecciones t\u00e9cnicas de infraestructuras (torres el\u00e9ctricas, paneles solares, fachadas) con termograf\u00eda y zoom \u00f3ptico, identificando problemas de forma segura y eficiente. Documentamos activos con im\u00e1genes geoetiquetadas para inventarios y valoraciones.<\/p><p>[\/et_pb_text][et_pb_button button_url=\"https:\/\/dronmf.es\/grabaciones-tecnicas\/\" button_text=\"M\u00e1s informaci\u00f3n\" _builder_version=\"4.27.4\" _module_preset=\"5ff20803-0295-4362-b32c-c8533f3b8a90\" global_colors_info=\"{}\"][\/et_pb_button][\/et_pb_column][et_pb_column type=\"1_2\" _builder_version=\"4.27.4\" _module_preset=\"default\" global_colors_info=\"{}\"][et_pb_image src=\"https:\/\/dronmf.es\/wp-content\/uploads\/2025\/07\/0-5089d8a9-67d5-4cf7-b58c-276942dc861c-800x1080.jpg\" title_text=\"0-5089d8a9-67d5-4cf7-b58c-276942dc861c-800x1080\" _builder_version=\"4.27.4\" _module_preset=\"default\" custom_margin=\"-120px||-120px||false|false\" custom_margin_tablet=\"0px||-120px||false|false\" custom_margin_phone=\"0px||-120px||false|false\" custom_margin_last_edited=\"on|tablet\" global_colors_info=\"{}\"][\/et_pb_image][\/et_pb_column][\/et_pb_row][et_pb_row _builder_version=\"4.27.4\" _module_preset=\"default\" global_colors_info=\"{}\"][et_pb_column type=\"4_4\" _builder_version=\"4.27.4\" _module_preset=\"default\" border_color_all=\"gcid-primary-color\" border_width_left=\"8px\" global_colors_info=\"{%22gcid-primary-color%22:%91%22border_color_all%22%93}\"][et_pb_heading title=\"Obras en Perspectiva: Seguimiento A\u00e9reo Preciso para Control Total.\" _builder_version=\"4.27.4\" _module_preset=\"117df2cc-bd25-4901-905f-97927e02476e\" custom_padding=\"|||30px|false|false\" global_colors_info=\"{}\"][\/et_pb_heading][\/et_pb_column][\/et_pb_row][\/et_pb_section]<\/p>","_et_gb_content_width":"","footnotes":""},"class_list":["post-762","page","type-page","status-publish","hentry"],"_links":{"self":[{"href":"https:\/\/dronmf.es\/ca\/wp-json\/wp\/v2\/pages\/762","targetHints":{"allow":["GET"]}}],"collection":[{"href":"https:\/\/dronmf.es\/ca\/wp-json\/wp\/v2\/pages"}],"about":[{"href":"https:\/\/dronmf.es\/ca\/wp-json\/wp\/v2\/types\/page"}],"author":[{"embeddable":true,"href":"https:\/\/dronmf.es\/ca\/wp-json\/wp\/v2\/users\/1"}],"replies":[{"embeddable":true,"href":"https:\/\/dronmf.es\/ca\/wp-json\/wp\/v2\/comments?post=762"}],"version-history":[{"count":4,"href":"https:\/\/dronmf.es\/ca\/wp-json\/wp\/v2\/pages\/762\/revisions"}],"predecessor-version":[{"id":853,"href":"https:\/\/dronmf.es\/ca\/wp-json\/wp\/v2\/pages\/762\/revisions\/853"}],"wp:attachment":[{"href":"https:\/\/dronmf.es\/ca\/wp-json\/wp\/v2\/media?parent=762"}],"curies":[{"name":"wp","href":"https:\/\/api.w.org\/{rel}","templated":true}]}}