{"id":768,"date":"2025-08-04T09:27:43","date_gmt":"2025-08-04T09:27:43","guid":{"rendered":"https:\/\/dronmf.es\/?page_id=768"},"modified":"2025-10-09T10:33:03","modified_gmt":"2025-10-09T10:33:03","slug":"tarifes","status":"publish","type":"page","link":"https:\/\/dronmf.es\/ca\/tarifes\/","title":{"rendered":"Tarifes"},"content":{"rendered":"<p>[et_pb_section fb_built=&#8221;1&#8243; fullwidth=&#8221;on&#8221; _builder_version=&#8221;4.27.4&#8243; _module_preset=&#8221;default&#8221; locked=&#8221;off&#8221; global_colors_info=&#8221;{}&#8221;][et_pb_fullwidth_slider _builder_version=&#8221;4.27.4&#8243; _module_preset=&#8221;default&#8221; custom_padding=&#8221;103px||101px|||&#8221; global_colors_info=&#8221;{%22gcid-4907c8d4-9eff-49de-91ce-43a2d3a729cf%22:%91%22bg_overlay_color%22,%22bg_overlay_color%22,%22bg_overlay_color%22,%22bg_overlay_color%22%93,%22gcid-a120dee9-9f15-4008-94b8-5da73e7802cc%22:%91%22body_text_color%22,%22body_text_color%22,%22body_text_color%22,%22body_text_color%22%93}&#8221; button_bg_enable_color=&#8221;on&#8221;][et_pb_slide heading=&#8221;Les nostres Tarifes&#8221; use_bg_overlay=&#8221;on&#8221; _builder_version=&#8221;4.27.4&#8243; _module_preset=&#8221;default&#8221; background_image=&#8221;https:\/\/dronmf.es\/wp-content\/uploads\/2025\/08\/tarifas.jpg&#8221; background_enable_image=&#8221;on&#8221; text_shadow_style=&#8221;preset1&#8243; global_colors_info=&#8221;{}&#8221; sticky_transition=&#8221;on&#8221;]<\/p>\n<h2>Entenem que la claredat i la previsibilitat a la inversi\u00f3 s\u00f3n fonamentals. El nostre model tarifari est\u00e0 dissenyat per ser transparent i ajustar-se a les necessitats espec\u00edfiques de cada projecte, evitant sorpreses.<\/h2>\n<p>[\/et_pb_slide][\/et_pb_fullwidth_slider][\/et_pb_section][et_pb_section fb_built=&#8221;1&#8243; admin_label=&#8221;Footer&#8221; _builder_version=&#8221;4.27.4&#8243; _module_preset=&#8221;default&#8221; custom_padding=&#8221;27px||1px|||&#8221; locked=&#8221;off&#8221; collapsed=&#8221;off&#8221; global_colors_info=&#8221;{}&#8221;][et_pb_row _builder_version=&#8221;4.27.4&#8243; _module_preset=&#8221;default&#8221; custom_padding=&#8221;12px|||||&#8221; global_colors_info=&#8221;{}&#8221;][et_pb_column type=&#8221;4_4&#8243; _builder_version=&#8221;4.27.4&#8243; _module_preset=&#8221;default&#8221; global_colors_info=&#8221;{}&#8221;][et_pb_heading title=&#8221;La tarifa base parteix d&#8217;una estimaci\u00f3 de 390 \u20ac (IVA excl\u00f2s) per hora de \u201cServei a Zona\u201d.&#8221; _builder_version=&#8221;4.27.4&#8243; _module_preset=&#8221;2e05014d-9059-4586-98cf-e2678123eefd&#8221; title_level=&#8221;h2&#8243; title_font=&#8221;|600|||||||&#8221; title_text_align=&#8221;center&#8221; custom_margin=&#8221;||4px|||&#8221; hover_enabled=&#8221;0&#8243; global_colors_info=&#8221;{}&#8221; sticky_enabled=&#8221;0&#8243;][\/et_pb_heading][et_pb_text _builder_version=&#8221;4.27.4&#8243; _module_preset=&#8221;default&#8221; custom_padding=&#8221;0px||0px|||&#8221; global_colors_info=&#8221;{}&#8221;]<\/p>\n<h6>Aquesta hora cobreix el temps efectiu del nostre equip (pilotatge, assist\u00e8ncia t\u00e8cnica, possible suport terrestre) treballant in situ per capturar les imatges requerides.<br \/>No obstant, aquesta \u00e9s nom\u00e9s la base inicial. Per oferir-vos un pressupost tancat i vinculant, considerem meticulosament aquests factors clau:<\/h6>\n<p>[\/et_pb_text][\/et_pb_column][\/et_pb_row][et_pb_row column_structure=&#8221;1_4,1_4,1_4,1_4&#8243; _builder_version=&#8221;4.27.4&#8243; _module_preset=&#8221;default&#8221; custom_margin=&#8221;|auto|27px|auto||&#8221; custom_padding=&#8221;12px||12px|||&#8221; global_colors_info=&#8221;{}&#8221;][et_pb_column type=&#8221;1_4&#8243; _builder_version=&#8221;4.27.4&#8243; _module_preset=&#8221;default&#8221; global_colors_info=&#8221;{}&#8221;][et_pb_text _builder_version=&#8221;4.27.4&#8243; _module_preset=&#8221;default&#8221; custom_padding=&#8221;||0px|||&#8221; global_colors_info=&#8221;{}&#8221;]<\/p>\n<p><strong>1. Tipologia del Reportatge:<\/strong> El cost varia segons la complexitat i els recursos necessaris<\/p>\n<p>[\/et_pb_text][\/et_pb_column][et_pb_column type=&#8221;1_4&#8243; _builder_version=&#8221;4.27.4&#8243; _module_preset=&#8221;default&#8221; global_colors_info=&#8221;{}&#8221;][et_pb_text _builder_version=&#8221;4.27.4&#8243; _module_preset=&#8221;default&#8221; custom_padding=&#8221;||0px|||&#8221; global_colors_info=&#8221;{}&#8221;]<\/p>\n<p><strong>2. Ubicaci\u00f3 Geogr\u00e0fica de Filmaci\u00f3:<\/strong> Determina els costos de despla\u00e7ament (quilometratge, peatges), dietes (si requereixen pernocta) i temps de viatge de l&#8217;equip<\/p>\n<p>[\/et_pb_text][\/et_pb_column][et_pb_column type=&#8221;1_4&#8243; _builder_version=&#8221;4.27.4&#8243; _module_preset=&#8221;default&#8221; global_colors_info=&#8221;{}&#8221;][et_pb_text _builder_version=&#8221;4.27.4&#8243; _module_preset=&#8221;default&#8221; custom_padding=&#8221;||0px|||&#8221; global_colors_info=&#8221;{}&#8221;]<\/p>\n<p><strong>3. Durada Estimada del Servei a Zona:<\/strong> Basada en la complexitat del pla de vol i els pl\u00e0nols requerits.<\/p>\n<p>[\/et_pb_text][\/et_pb_column][et_pb_column type=&#8221;1_4&#8243; _builder_version=&#8221;4.27.4&#8243; _module_preset=&#8221;default&#8221; global_colors_info=&#8221;{}&#8221;][et_pb_text _builder_version=&#8221;4.27.4&#8243; _module_preset=&#8221;default&#8221; custom_padding=&#8221;||0px|||&#8221; global_colors_info=&#8221;{}&#8221;]<\/p>\n<p><strong>4. Requisits de postproducci\u00f3:<\/strong> L&#8217;edici\u00f3 \u00e9s un factor crucial. Incloem al pressupost el temps necessari.<\/p>\n<p>[\/et_pb_text][\/et_pb_column][\/et_pb_row][et_pb_row column_structure=&#8221;1_5,3_5,1_5&#8243; use_custom_gutter=&#8221;on&#8221; gutter_width=&#8221;1&#8243; _builder_version=&#8221;4.27.4&#8243; _module_preset=&#8221;default&#8221; background_color=&#8221;rgba(124,218,36,0.61)&#8221; background_enable_image=&#8221;off&#8221; width=&#8221;100%&#8221; max_width=&#8221;1753px&#8221; locked=&#8221;off&#8221; global_colors_info=&#8221;{}&#8221;][et_pb_column type=&#8221;1_5&#8243; _builder_version=&#8221;4.27.4&#8243; _module_preset=&#8221;default&#8221; global_colors_info=&#8221;{}&#8221;][\/et_pb_column][et_pb_column type=&#8221;3_5&#8243; _builder_version=&#8221;4.27.4&#8243; _module_preset=&#8221;default&#8221; global_colors_info=&#8221;{}&#8221;][et_pb_text _builder_version=&#8221;4.27.4&#8243; _module_preset=&#8221;default&#8221; global_colors_info=&#8221;{}&#8221;]<\/p>\n<h5 style=\"text-align: center;\"><strong>Terminis Clars:<\/strong><br \/>Des del dia seg\u00fcent a la filmaci\u00f3 &#8220;in situ&#8221;:<br \/><strong>5 dies h\u00e0bils:<\/strong> Rebreu una prova (watermarked o baixa resoluci\u00f3) per a revisi\u00f3 i comentaris.<br \/><strong>9 dies h\u00e0bils:<\/strong>\u00a0Lliurament del producte final definitiu en els formats acordats.<\/h5>\n<p>[\/et_pb_text][\/et_pb_column][et_pb_column type=&#8221;1_5&#8243; _builder_version=&#8221;4.27.4&#8243; _module_preset=&#8221;default&#8221; global_colors_info=&#8221;{}&#8221;][\/et_pb_column][\/et_pb_row][\/et_pb_section]<\/p>\n","protected":false},"excerpt":{"rendered":"<p>Entenem que la claredat i la previsibilitat a la inversi\u00f3 s\u00f3n fonamentals. El nostre model tarifari est\u00e0 dissenyat per ser transparent i ajustar-se a les necessitats espec\u00edfiques de cada projecte, evitant sorpreses.Aquesta hora cobreix el temps efectiu del nostre equip (pilotatge, assist\u00e8ncia t\u00e8cnica, possible suport terrestre) treballant in situ per capturar les imatges requerides.No obstant, [&hellip;]<\/p>\n","protected":false},"author":1,"featured_media":0,"parent":0,"menu_order":0,"comment_status":"closed","ping_status":"closed","template":"","meta":{"_et_pb_use_builder":"on","_et_pb_old_content":"<p>[et_pb_section fb_built=\"1\" fullwidth=\"on\" _builder_version=\"4.27.4\" _module_preset=\"default\" locked=\"off\" global_colors_info=\"{}\"][et_pb_fullwidth_slider _builder_version=\"4.27.4\" _module_preset=\"default\" custom_padding=\"103px||101px|||\" global_colors_info=\"{%22gcid-4907c8d4-9eff-49de-91ce-43a2d3a729cf%22:%91%22bg_overlay_color%22,%22bg_overlay_color%22%93,%22gcid-a120dee9-9f15-4008-94b8-5da73e7802cc%22:%91%22body_text_color%22,%22body_text_color%22%93}\"][et_pb_slide heading=\"Nuestras Tarifas\" use_bg_overlay=\"on\" _builder_version=\"4.27.4\" _module_preset=\"default\" background_image=\"https:\/\/dronmf.es\/wp-content\/uploads\/2025\/08\/tarifas.jpg\" background_enable_image=\"on\" text_shadow_style=\"preset1\" global_colors_info=\"{}\" sticky_transition=\"on\"]<\/p><h2>Entendemos que la claridad y la previsibilidad en la inversi\u00f3n son fundamentales. Nuestro modelo tarifario est\u00e1 dise\u00f1ado para ser transparente y ajustarse a las necesidades espec\u00edficas de cada proyecto, evitando sorpresas.<\/h2><p>[\/et_pb_slide][\/et_pb_fullwidth_slider][\/et_pb_section][et_pb_section fb_built=\"1\" admin_label=\"Footer\" _builder_version=\"4.27.4\" _module_preset=\"default\" custom_padding=\"27px||1px|||\" locked=\"off\" collapsed=\"off\" global_colors_info=\"{}\"][et_pb_row _builder_version=\"4.27.4\" _module_preset=\"default\" custom_padding=\"12px|||||\" global_colors_info=\"{}\"][et_pb_column type=\"4_4\" _builder_version=\"4.27.4\" _module_preset=\"default\" global_colors_info=\"{}\"][et_pb_heading title=\"La tarifa base parte de una estimaci\u00f3n de 390 \u20ac (IVA excluido) por hora de %22Servicio en Zona%22. \" _builder_version=\"4.27.4\" _module_preset=\"2e05014d-9059-4586-98cf-e2678123eefd\" title_level=\"h2\" title_font=\"|600|||||||\" title_text_align=\"center\" custom_margin=\"||4px|||\" global_colors_info=\"{}\"][\/et_pb_heading][et_pb_text _builder_version=\"4.27.4\" _module_preset=\"default\" custom_padding=\"0px||0px|||\" global_colors_info=\"{}\"]<\/p><h6>Esta hora cubre el tiempo efectivo de nuestro equipo (pilotaje, asistencia t\u00e9cnica, posible apoyo terrestre) trabajando in situ para capturar las im\u00e1genes requeridas. <br \/>Sin embargo, esta es solo la base inicial. Para ofrecerle un presupuesto cerrado y vinculante, consideramos meticulosamente estos factores clave:<\/h6><p>[\/et_pb_text][\/et_pb_column][\/et_pb_row][et_pb_row column_structure=\"1_4,1_4,1_4,1_4\" _builder_version=\"4.27.4\" _module_preset=\"default\" custom_margin=\"|auto|27px|auto||\" custom_padding=\"12px||12px|||\" global_colors_info=\"{}\"][et_pb_column type=\"1_4\" _builder_version=\"4.27.4\" _module_preset=\"default\" global_colors_info=\"{}\"][et_pb_text _builder_version=\"4.27.4\" _module_preset=\"default\" custom_padding=\"||0px|||\" global_colors_info=\"{}\"]<\/p><p><strong>1. Tipolog\u00eda del Reportaje:<\/strong> El coste var\u00eda seg\u00fan la complejidad y los recursos necesarios<\/p><p>[\/et_pb_text][\/et_pb_column][et_pb_column type=\"1_4\" _builder_version=\"4.27.4\" _module_preset=\"default\" global_colors_info=\"{}\"][et_pb_text _builder_version=\"4.27.4\" _module_preset=\"default\" custom_padding=\"||0px|||\" global_colors_info=\"{}\"]<\/p><p><strong>2. Ubicaci\u00f3n Geogr\u00e1fica de Filmaci\u00f3n:<\/strong> Determina los costes de desplazamiento (kilometraje, peajes), dietas (si requieren pernocta) y tiempo de viaje del equipo<\/p><p>[\/et_pb_text][\/et_pb_column][et_pb_column type=\"1_4\" _builder_version=\"4.27.4\" _module_preset=\"default\" global_colors_info=\"{}\"][et_pb_text _builder_version=\"4.27.4\" _module_preset=\"default\" custom_padding=\"||0px|||\" global_colors_info=\"{}\"]<\/p><p><strong>3. Duraci\u00f3n Estimada del Servicio en Zona:<\/strong> Basada en la complejidad del plan de vuelo y los planos requeridos.<\/p><p>[\/et_pb_text][\/et_pb_column][et_pb_column type=\"1_4\" _builder_version=\"4.27.4\" _module_preset=\"default\" global_colors_info=\"{}\"][et_pb_text _builder_version=\"4.27.4\" _module_preset=\"default\" custom_padding=\"||0px|||\" global_colors_info=\"{}\"]<\/p><p><strong>4. Requisitos de Posproducci\u00f3n:<\/strong> La edici\u00f3n es un factor crucial. Incluimos en el presupuesto el tiempo necesario.<\/p><p>\u00a0<\/p><p>[\/et_pb_text][\/et_pb_column][\/et_pb_row][et_pb_row column_structure=\"1_5,3_5,1_5\" use_custom_gutter=\"on\" gutter_width=\"1\" _builder_version=\"4.27.4\" _module_preset=\"default\" background_color=\"rgba(124,218,36,0.61)\" background_enable_image=\"off\" width=\"100%\" max_width=\"1753px\" locked=\"off\" global_colors_info=\"{}\"][et_pb_column type=\"1_5\" _builder_version=\"4.27.4\" _module_preset=\"default\" global_colors_info=\"{}\"][\/et_pb_column][et_pb_column type=\"3_5\" _builder_version=\"4.27.4\" _module_preset=\"default\" global_colors_info=\"{}\"][et_pb_text _builder_version=\"4.27.4\" _module_preset=\"default\" global_colors_info=\"{}\"]<\/p><h5 style=\"text-align: center;\"><strong>Plazos Claros:<\/strong> <br \/>Desde el d\u00eda siguiente a la filmaci\u00f3n \"in situ\":<\/h5><h5 style=\"text-align: center;\"><strong>5 d\u00edas h\u00e1biles:<\/strong> Recibir\u00e1 una prueba (watermarked o baja resoluci\u00f3n) para revisi\u00f3n y comentarios.<\/h5><h5 style=\"text-align: center;\"><strong>9 d\u00edas h\u00e1biles:<\/strong>\u00a0Entrega del producto final definitivo en los formatos acordados.<\/h5><p>[\/et_pb_text][\/et_pb_column][et_pb_column type=\"1_5\" _builder_version=\"4.27.4\" _module_preset=\"default\" global_colors_info=\"{}\"][\/et_pb_column][\/et_pb_row][\/et_pb_section]<\/p>","_et_gb_content_width":"","footnotes":""},"class_list":["post-768","page","type-page","status-publish","hentry"],"_links":{"self":[{"href":"https:\/\/dronmf.es\/ca\/wp-json\/wp\/v2\/pages\/768","targetHints":{"allow":["GET"]}}],"collection":[{"href":"https:\/\/dronmf.es\/ca\/wp-json\/wp\/v2\/pages"}],"about":[{"href":"https:\/\/dronmf.es\/ca\/wp-json\/wp\/v2\/types\/page"}],"author":[{"embeddable":true,"href":"https:\/\/dronmf.es\/ca\/wp-json\/wp\/v2\/users\/1"}],"replies":[{"embeddable":true,"href":"https:\/\/dronmf.es\/ca\/wp-json\/wp\/v2\/comments?post=768"}],"version-history":[{"count":3,"href":"https:\/\/dronmf.es\/ca\/wp-json\/wp\/v2\/pages\/768\/revisions"}],"predecessor-version":[{"id":771,"href":"https:\/\/dronmf.es\/ca\/wp-json\/wp\/v2\/pages\/768\/revisions\/771"}],"wp:attachment":[{"href":"https:\/\/dronmf.es\/ca\/wp-json\/wp\/v2\/media?parent=768"}],"curies":[{"name":"wp","href":"https:\/\/api.w.org\/{rel}","templated":true}]}}