{"id":773,"date":"2025-09-04T07:59:17","date_gmt":"2025-09-04T07:59:17","guid":{"rendered":"https:\/\/dronmf.es\/?page_id=773"},"modified":"2025-10-09T10:37:24","modified_gmt":"2025-10-09T10:37:24","slug":"video-tecnic","status":"publish","type":"page","link":"https:\/\/dronmf.es\/ca\/video-tecnic\/","title":{"rendered":"V\u00eddeo T\u00e8cnic"},"content":{"rendered":"<p>[et_pb_section fb_built=&#8221;1&#8243; fullwidth=&#8221;on&#8221; _builder_version=&#8221;4.27.4&#8243; _module_preset=&#8221;default&#8221; background_color=&#8221;RGBA(255,255,255,0)&#8221; background_image=&#8221;https:\/\/dronmf.es\/wp-content\/uploads\/2025\/07\/dron-mf-2.jpg&#8221; locked=&#8221;off&#8221; global_colors_info=&#8221;{}&#8221;][et_pb_fullwidth_slider _builder_version=&#8221;4.27.4&#8243; _module_preset=&#8221;default&#8221; background_color=&#8221;RGBA(255,255,255,0)&#8221; background_image=&#8221;https:\/\/dronmf.es\/wp-content\/uploads\/2025\/08\/vista1.png&#8221; custom_padding=&#8221;112px||90px|||&#8221; global_colors_info=&#8221;{%22gcid-4907c8d4-9eff-49de-91ce-43a2d3a729cf%22:%91%22bg_overlay_color%22,%22bg_overlay_color%22,%22bg_overlay_color%22,%22bg_overlay_color%22,%22bg_overlay_color%22,%22bg_overlay_color%22,%22bg_overlay_color%22,%22bg_overlay_color%22%93,%22gcid-a120dee9-9f15-4008-94b8-5da73e7802cc%22:%91%22body_text_color%22,%22body_text_color%22,%22body_text_color%22,%22body_text_color%22,%22body_text_color%22,%22body_text_color%22,%22body_text_color%22,%22body_text_color%22%93}&#8221; button_bg_enable_color=&#8221;on&#8221;][et_pb_slide heading=&#8221;V\u00eddeo T\u00e8cnic&#8221; use_bg_overlay=&#8221;on&#8221; _builder_version=&#8221;4.27.4&#8243; _module_preset=&#8221;default&#8221; background_enable_image=&#8221;off&#8221; text_shadow_style=&#8221;preset1&#8243; global_colors_info=&#8221;{}&#8221; sticky_transition=&#8221;on&#8221;]<\/p>\n<h2>Obres en Perspectiva:<br \/>Seguiment Aeri Prec\u00eds per a Control Total.<\/h2>\n<p>[\/et_pb_slide][\/et_pb_fullwidth_slider][\/et_pb_section][et_pb_section fb_built=&#8221;1&#8243; _builder_version=&#8221;4.27.4&#8243; _module_preset=&#8221;default&#8221; custom_padding=&#8221;||19px|||&#8221; global_colors_info=&#8221;{}&#8221;][et_pb_row _builder_version=&#8221;4.27.4&#8243; _module_preset=&#8221;default&#8221; global_colors_info=&#8221;{}&#8221;][et_pb_column type=&#8221;4_4&#8243; _builder_version=&#8221;4.27.4&#8243; _module_preset=&#8221;default&#8221; global_colors_info=&#8221;{}&#8221;][et_pb_text _builder_version=&#8221;4.27.4&#8243; _module_preset=&#8221;default&#8221; global_colors_info=&#8221;{}&#8221;]<\/p>\n<h3 style=\"text-align: center;\">SOM ESPECIALISTES EN V\u00cdDEO T\u00c8CNIC<\/h3>\n<p>[\/et_pb_text][et_pb_text _builder_version=&#8221;4.27.4&#8243; _module_preset=&#8221;default&#8221; locked=&#8221;off&#8221; global_colors_info=&#8221;{}&#8221;]<\/p>\n<p>Tant si \u00e9s necessari per a un peritatge, com si es necessita per resoldre q\u00fcestions complexes, som capa\u00e7os de fer un v\u00eddeo que us ajudi a solucionar el vostre problema.<\/p>\n<p>La nostra formaci\u00f3 t\u00e8cnica ens ajuda a entendre la seva necessitat ia aconseguir real\u00e7ar els punts que vost\u00e8 necessita que es visualitzin.<\/p>\n<p>[\/et_pb_text][\/et_pb_column][\/et_pb_row][et_pb_row _builder_version=&#8221;4.27.4&#8243; _module_preset=&#8221;default&#8221; custom_padding=&#8221;8px||7px|||&#8221; global_colors_info=&#8221;{}&#8221;][et_pb_column type=&#8221;4_4&#8243; _builder_version=&#8221;4.27.4&#8243; _module_preset=&#8221;default&#8221; global_colors_info=&#8221;{}&#8221;][et_pb_text _builder_version=&#8221;4.27.4&#8243; _module_preset=&#8221;default&#8221; global_colors_info=&#8221;{}&#8221;]<\/p>\n<h3 style=\"text-align: center;\">Alguns Exemples<\/h3>\n<p>[\/et_pb_text][\/et_pb_column][\/et_pb_row][\/et_pb_section][et_pb_section fb_built=&#8221;1&#8243; _builder_version=&#8221;4.27.4&#8243; _module_preset=&#8221;default&#8221; custom_padding=&#8221;19px|||||&#8221; global_colors_info=&#8221;{}&#8221;][et_pb_row column_structure=&#8221;1_4,1_2,1_4&#8243; _builder_version=&#8221;4.27.4&#8243; _module_preset=&#8221;default&#8221; width=&#8221;100%&#8221; max_width=&#8221;1503px&#8221; custom_padding=&#8221;4px||32px|||&#8221; locked=&#8221;off&#8221; global_colors_info=&#8221;{}&#8221;][et_pb_column type=&#8221;1_4&#8243; _builder_version=&#8221;4.27.4&#8243; _module_preset=&#8221;default&#8221; global_colors_info=&#8221;{}&#8221;][\/et_pb_column][et_pb_column type=&#8221;1_2&#8243; _builder_version=&#8221;4.27.4&#8243; _module_preset=&#8221;default&#8221; global_colors_info=&#8221;{}&#8221;][et_pb_video src_webm=&#8221;https:\/\/dronmf.es\/videos\/Urban%201.mp4&#8243; _builder_version=&#8221;4.27.4&#8243; _module_preset=&#8221;default&#8221; global_colors_info=&#8221;{}&#8221;][\/et_pb_video][\/et_pb_column][et_pb_column type=&#8221;1_4&#8243; _builder_version=&#8221;4.27.4&#8243; _module_preset=&#8221;default&#8221; global_colors_info=&#8221;{}&#8221;][\/et_pb_column][\/et_pb_row][\/et_pb_section]<\/p>\n","protected":false},"excerpt":{"rendered":"<p>Obres en Perspectiva:Seguiment Aeri Prec\u00eds per a Control Total.SOM ESPECIALISTES EN V\u00cdDEO T\u00c8CNICTant si \u00e9s necessari per a un peritatge, com si es necessita per resoldre q\u00fcestions complexes, som capa\u00e7os de fer un v\u00eddeo que us ajudi a solucionar el vostre problema. La nostra formaci\u00f3 t\u00e8cnica ens ajuda a entendre la seva necessitat ia aconseguir [&hellip;]<\/p>\n","protected":false},"author":1,"featured_media":0,"parent":0,"menu_order":0,"comment_status":"closed","ping_status":"closed","template":"","meta":{"_et_pb_use_builder":"on","_et_pb_old_content":"<p>[et_pb_section fb_built=\"1\" fullwidth=\"on\" _builder_version=\"4.27.4\" _module_preset=\"default\" background_color=\"RGBA(255,255,255,0)\" background_image=\"https:\/\/dronmf.es\/wp-content\/uploads\/2025\/07\/dron-mf-2.jpg\" locked=\"off\" global_colors_info=\"{}\"][et_pb_fullwidth_slider _builder_version=\"4.27.4\" _module_preset=\"default\" background_color=\"RGBA(255,255,255,0)\" background_image=\"https:\/\/dronmf.es\/wp-content\/uploads\/2025\/08\/vista1.png\" custom_padding=\"112px||90px|||\" global_colors_info=\"{%22gcid-4907c8d4-9eff-49de-91ce-43a2d3a729cf%22:%91%22bg_overlay_color%22,%22bg_overlay_color%22,%22bg_overlay_color%22,%22bg_overlay_color%22,%22bg_overlay_color%22,%22bg_overlay_color%22%93,%22gcid-a120dee9-9f15-4008-94b8-5da73e7802cc%22:%91%22body_text_color%22,%22body_text_color%22,%22body_text_color%22,%22body_text_color%22,%22body_text_color%22,%22body_text_color%22%93}\"][et_pb_slide heading=\"V\u00eddeo T\u00e9cnico\" use_bg_overlay=\"on\" _builder_version=\"4.27.4\" _module_preset=\"default\" background_enable_image=\"off\" text_shadow_style=\"preset1\" global_colors_info=\"{}\" sticky_transition=\"on\"]<\/p><h2>Obras en Perspectiva: <br \/>Seguimiento A\u00e9reo Preciso para Control Total.<\/h2><p>[\/et_pb_slide][\/et_pb_fullwidth_slider][\/et_pb_section][et_pb_section fb_built=\"1\" _builder_version=\"4.27.4\" _module_preset=\"default\" custom_padding=\"||19px|||\" global_colors_info=\"{}\"][et_pb_row _builder_version=\"4.27.4\" _module_preset=\"default\" global_colors_info=\"{}\"][et_pb_column type=\"4_4\" _builder_version=\"4.27.4\" _module_preset=\"default\" global_colors_info=\"{}\"][et_pb_text _builder_version=\"4.27.4\" _module_preset=\"default\" global_colors_info=\"{}\"]<\/p><h3 style=\"text-align: center;\">SOMOS ESPECIALISTAS EN V\u00cdDEO T\u00c9CNICO<\/h3><p>[\/et_pb_text][et_pb_text _builder_version=\"4.27.4\" _module_preset=\"default\" locked=\"off\" global_colors_info=\"{}\"]<\/p><p>Tanto si es necesario para un peritaje, como si se necesita para solventar cuestiones complejas, somos capaces de realizar un v\u00eddeo que le ayude a solucionar su problema.<\/p><p>Nuestra formaci\u00f3n t\u00e9cnica nos ayuda a entender su necesidad y a conseguir realzar los puntos que usted necesita que se visualicen.<\/p><p>[\/et_pb_text][\/et_pb_column][\/et_pb_row][et_pb_row _builder_version=\"4.27.4\" _module_preset=\"default\" custom_padding=\"8px||7px|||\" global_colors_info=\"{}\"][et_pb_column type=\"4_4\" _builder_version=\"4.27.4\" _module_preset=\"default\" global_colors_info=\"{}\"][et_pb_text _builder_version=\"4.27.4\" _module_preset=\"default\" global_colors_info=\"{}\"]<\/p><h3 style=\"text-align: center;\">Algunos Ejemplos<\/h3><p>[\/et_pb_text][\/et_pb_column][\/et_pb_row][\/et_pb_section][et_pb_section fb_built=\"1\" _builder_version=\"4.27.4\" _module_preset=\"default\" custom_padding=\"19px|||||\" global_colors_info=\"{}\"][et_pb_row column_structure=\"1_4,1_2,1_4\" _builder_version=\"4.27.4\" _module_preset=\"default\" width=\"100%\" max_width=\"1503px\" custom_padding=\"4px||32px|||\" locked=\"off\" global_colors_info=\"{}\"][et_pb_column type=\"1_4\" _builder_version=\"4.27.4\" _module_preset=\"default\" global_colors_info=\"{}\"][\/et_pb_column][et_pb_column type=\"1_2\" _builder_version=\"4.27.4\" _module_preset=\"default\" global_colors_info=\"{}\"][et_pb_video src_webm=\"https:\/\/dronmf.es\/videos\/Urban%201.mp4\" _builder_version=\"4.27.4\" _module_preset=\"default\" global_colors_info=\"{}\"][\/et_pb_video][\/et_pb_column][et_pb_column type=\"1_4\" _builder_version=\"4.27.4\" _module_preset=\"default\" global_colors_info=\"{}\"][\/et_pb_column][\/et_pb_row][\/et_pb_section]<\/p>","_et_gb_content_width":"","footnotes":""},"class_list":["post-773","page","type-page","status-publish","hentry"],"_links":{"self":[{"href":"https:\/\/dronmf.es\/ca\/wp-json\/wp\/v2\/pages\/773","targetHints":{"allow":["GET"]}}],"collection":[{"href":"https:\/\/dronmf.es\/ca\/wp-json\/wp\/v2\/pages"}],"about":[{"href":"https:\/\/dronmf.es\/ca\/wp-json\/wp\/v2\/types\/page"}],"author":[{"embeddable":true,"href":"https:\/\/dronmf.es\/ca\/wp-json\/wp\/v2\/users\/1"}],"replies":[{"embeddable":true,"href":"https:\/\/dronmf.es\/ca\/wp-json\/wp\/v2\/comments?post=773"}],"version-history":[{"count":3,"href":"https:\/\/dronmf.es\/ca\/wp-json\/wp\/v2\/pages\/773\/revisions"}],"predecessor-version":[{"id":776,"href":"https:\/\/dronmf.es\/ca\/wp-json\/wp\/v2\/pages\/773\/revisions\/776"}],"wp:attachment":[{"href":"https:\/\/dronmf.es\/ca\/wp-json\/wp\/v2\/media?parent=773"}],"curies":[{"name":"wp","href":"https:\/\/api.w.org\/{rel}","templated":true}]}}