{"id":793,"date":"2025-09-17T09:14:44","date_gmt":"2025-09-17T09:14:44","guid":{"rendered":"https:\/\/dronmf.es\/?page_id=793"},"modified":"2025-10-09T10:55:21","modified_gmt":"2025-10-09T10:55:21","slug":"politica-de-cookies","status":"publish","type":"page","link":"https:\/\/dronmf.es\/ca\/politica-de-cookies\/","title":{"rendered":"Pol\u00edtica de cookies"},"content":{"rendered":"<p>En compliment de la Llei 34\/2002, d&#8217;11 de juliol, de serveis de la societat de la informaci\u00f3 i del comer\u00e7 electr\u00f2nic (LSSI o LSSICE), l&#8217;informem que https:\/\/dronmf.es (d&#8217;ara endavant, &#8220;Lloc web&#8221;) utilitza cookies i tecnologies similars d&#8217;emmagatzematge i recuperaci\u00f3 d&#8217;informaci\u00f3 (d&#8217;ara endavant, &#8220;Cookies&#8221;) amb l&#8217;objectiu de garantir l&#8217;acc\u00e9s a determinades funcionalitats i, addicionalment, millorar la qualitat del Lloc web segons els h\u00e0bits i l&#8217;estil de navegaci\u00f3 dels usuaris. Els usos espec\u00edfics que fem d&#8217;aquesta tecnologia es descriuen a la seg\u00fcent secci\u00f3.<\/p>\n<p>&nbsp;<\/p>\n<p><strong>Qu\u00e8 s\u00f3n les cookies?<\/strong><\/p>\n<p>Una galeta \u00e9s un fitxer que es descarrega al vostre dispositiu (ja sigui un ordinador, un tel\u00e8fon intel\u00b7ligent o una tauleta) quan accediu a un lloc web. Permet al propietari del lloc web emmagatzemar o recuperar certa informaci\u00f3 sobre m\u00faltiples variables, com ara el nombre de vegades que s&#8217;ha visitat el lloc web, la identificaci\u00f3 de l&#8217;usuari registrat, la garantia de la sessi\u00f3 de l&#8217;usuari mentre navega pel lloc web, la possibilitat d&#8217;un funcionament segur i estable, etc.<\/p>\n<p>A <strong>Dron MF Report<\/strong>, volem oferir-vos la informaci\u00f3 necess\u00e0ria sobre els tipus de galetes que fem servir al nostre lloc web, perqu\u00e8 els usuaris tinguin ple poder de decisi\u00f3 pel que fa al seu \u00fas i a la protecci\u00f3 de la seva privadesa.<\/p>\n<p>Podeu trobar informaci\u00f3 completa sobre les condicions de protecci\u00f3 de dades aplicades al lloc web a la nostra Pol\u00edtica de Privadesa.<\/p>\n<p>&nbsp;<\/p>\n<p><strong>Quins tipus de cookies s&#8217;utilitzen al lloc web i qui les utilitza?<\/strong><\/p>\n<p>A continuaci\u00f3, us proporcionem informaci\u00f3 sobre els tipus de cookies que s&#8217;utilitzen al lloc web, les finalitats associades al seu \u00fas, el seu per\u00edode de conservaci\u00f3 i la seva titularitat:<\/p>\n<p><span style=\"text-decoration: underline;\">Cookies t\u00e8cniques:<\/span> S\u00f3n cookies que permeten a l&#8217;usuari navegar pel lloc web, plataforma o aplicaci\u00f3 i utilitzar les diverses opcions o serveis que hi ha disponibles, inclosos els que utilitza l&#8217;editor per gestionar i operar el lloc web i habilitar les seves funcions i serveis.<\/p>\n<p><span style=\"text-decoration: underline;\">S&#8217;instal\u00b7len en qualsevol cas<\/span><\/p>\n<dl>\n<dd>\n<table width=\"650\" cellspacing=\"0\" cellpadding=\"0\">\n<tbody>\n<tr>\n<td bgcolor=\"#212c64\" width=\"161\">\n<p align=\"center\"><strong>Nom<\/strong><\/p>\n<\/td>\n<td bgcolor=\"#212c64\" width=\"163\">\n<p align=\"center\"><strong>Cookie<\/strong><\/p>\n<\/td>\n<td bgcolor=\"#212c64\" width=\"163\">\n<p align=\"center\"><strong>Durada<\/strong><\/p>\n<\/td>\n<td bgcolor=\"#212c64\" width=\"162\">\n<p align=\"center\"><strong>Gesti\u00f3<\/strong><\/p>\n<\/td>\n<\/tr>\n<tr>\n<td bgcolor=\"#ffffff\" width=\"161\">\n<p align=\"justify\">Polylang<\/p>\n<\/td>\n<td bgcolor=\"#ffffff\" width=\"163\">\n<p align=\"justify\">_ pll_language<\/p>\n<\/td>\n<td bgcolor=\"#ffffff\" width=\"163\">\n<p align=\"justify\">Persistent<\/p>\n<\/td>\n<td bgcolor=\"#ffffff\" width=\"162\">\n<p align=\"justify\">Propies<\/p>\n<\/td>\n<\/tr>\n<tr>\n<td bgcolor=\"#ffffff\" width=\"161\">\n<p align=\"justify\">GDPR Cookie<\/p>\n<p align=\"justify\">Compliance<\/p>\n<\/td>\n<td bgcolor=\"#ffffff\" width=\"163\">\n<p align=\"justify\">moove_gdpr_popup<\/p>\n<\/td>\n<td bgcolor=\"#ffffff\" width=\"163\">\n<p align=\"justify\">Sessi\u00f3\/ 1 setmana<\/p>\n<\/td>\n<td bgcolor=\"#ffffff\" width=\"162\">\n<p align=\"justify\">Tercers<\/p>\n<\/td>\n<\/tr>\n<\/tbody>\n<\/table>\n<\/dd>\n<\/dl>\n<p><span style=\"text-decoration: underline;\">Galetes d&#8217;an\u00e0lisi o mesurament:<\/span> permeten el seguiment i l&#8217;an\u00e0lisi del comportament dels usuaris del lloc web, aix\u00ed com el mesurament de l&#8217;activitat, per tal d&#8217;introduir millores.<\/p>\n<p>S&#8217;instal\u00b7len en qualsevol cas<\/p>\n<dl>\n<dd>\n<table style=\"height: 357px;\" width=\"672\" cellspacing=\"0\" cellpadding=\"0\">\n<tbody>\n<tr style=\"height: 51px;\">\n<td style=\"width: 157.188px; height: 51px;\" bgcolor=\"#212c64\">\n<p align=\"center\"><strong>Nom<\/strong><\/p>\n<\/td>\n<td style=\"width: 211.188px; height: 51px;\" bgcolor=\"#212c64\">\n<p align=\"center\"><strong>Cookie<\/strong><\/p>\n<\/td>\n<td style=\"width: 134.719px; height: 51px;\" bgcolor=\"#212c64\">\n<p align=\"center\"><strong>Durada<\/strong><\/p>\n<\/td>\n<td style=\"width: 158.906px; height: 51px;\" bgcolor=\"#212c64\">\n<p align=\"center\"><strong>Gesti\u00f3<\/strong><\/p>\n<\/td>\n<\/tr>\n<tr style=\"height: 51px;\">\n<td style=\"width: 157.188px; height: 51px;\" bgcolor=\"#ffffff\">\n<p align=\"justify\">Google Analytics<\/p>\n<\/td>\n<td style=\"width: 211.188px; height: 51px;\" bgcolor=\"#ffffff\">\n<p align=\"justify\"><u>_ga<\/u><\/p>\n<\/td>\n<td style=\"width: 134.719px; height: 51px;\" bgcolor=\"#ffffff\">\n<p align=\"justify\">2 anys<\/p>\n<\/td>\n<td style=\"width: 158.906px; height: 51px;\" bgcolor=\"#ffffff\">Tercers<\/td>\n<\/tr>\n<tr style=\"height: 51px;\">\n<td style=\"width: 157.188px; height: 51px;\" bgcolor=\"#ffffff\">\n<p align=\"justify\">Google Analytics<\/p>\n<\/td>\n<td style=\"width: 211.188px; height: 51px;\" bgcolor=\"#ffffff\">\n<p align=\"justify\"><u>_gid<\/u><\/p>\n<\/td>\n<td style=\"width: 134.719px; height: 51px;\" bgcolor=\"#ffffff\">\n<p align=\"justify\">24 hores<\/p>\n<\/td>\n<td style=\"width: 158.906px; height: 51px;\" bgcolor=\"#ffffff\">\n<p align=\"justify\">Tercers<\/p>\n<\/td>\n<\/tr>\n<tr style=\"height: 51px;\">\n<td style=\"width: 157.188px; height: 51px;\" bgcolor=\"#ffffff\">\n<p align=\"justify\">Google Tag Manager<\/p>\n<\/td>\n<td style=\"width: 211.188px; height: 51px;\" bgcolor=\"#ffffff\">\n<p align=\"justify\">_gat_gtag_UA_220745956_1<\/p>\n<\/td>\n<td style=\"width: 134.719px; height: 51px;\" bgcolor=\"#ffffff\">\n<p align=\"justify\">\n<\/td>\n<td style=\"width: 158.906px; height: 51px;\" bgcolor=\"#ffffff\">\n<p align=\"justify\">Tercers<\/p>\n<\/td>\n<\/tr>\n<tr style=\"height: 51px;\">\n<td style=\"width: 157.188px; height: 51px;\" bgcolor=\"#ffffff\">\n<p align=\"justify\">Google Analytics<\/p>\n<\/td>\n<td style=\"width: 211.188px; height: 51px;\" bgcolor=\"#ffffff\">\n<p align=\"justify\">_ga_HFDHW6H97W<\/p>\n<\/td>\n<td style=\"width: 134.719px; height: 51px;\" bgcolor=\"#ffffff\">\n<p align=\"justify\">\n<\/td>\n<td style=\"width: 158.906px; height: 51px;\" bgcolor=\"#ffffff\">\n<p align=\"justify\">Tercers<\/p>\n<\/td>\n<\/tr>\n<tr style=\"height: 51px;\">\n<td style=\"width: 157.188px; height: 51px;\" bgcolor=\"#ffffff\">\n<p align=\"justify\">Youtube<\/p>\n<\/td>\n<td style=\"width: 211.188px; height: 51px;\" bgcolor=\"#ffffff\">\n<p align=\"justify\">YSC<\/p>\n<\/td>\n<td style=\"width: 134.719px; height: 51px;\" bgcolor=\"#ffffff\">\n<p align=\"justify\">\n<\/td>\n<td style=\"width: 158.906px; height: 51px;\" bgcolor=\"#ffffff\">\n<p align=\"justify\">Tercers<\/p>\n<\/td>\n<\/tr>\n<tr style=\"height: 51px;\">\n<td style=\"width: 157.188px; height: 51px;\" bgcolor=\"#ffffff\">\n<p align=\"justify\">Youtube<\/p>\n<\/td>\n<td style=\"width: 211.188px; height: 51px;\" bgcolor=\"#ffffff\">\n<p align=\"justify\">VISITOR_INFO1_LIVE<\/p>\n<\/td>\n<td style=\"width: 134.719px; height: 51px;\" bgcolor=\"#ffffff\">\n<p align=\"justify\">\n<\/td>\n<td style=\"width: 158.906px; height: 51px;\" bgcolor=\"#ffffff\">\n<p align=\"justify\">Tercers<\/p>\n<\/td>\n<\/tr>\n<\/tbody>\n<\/table>\n<\/dd>\n<\/dl>\n<p>&nbsp;<\/p>\n<p><strong>How long do we retain data? Do we transfer it internationally?<\/strong><\/p>\n<p>If we collect data considered, in accordance with current regulations, as personal data through the use of cookies, we will process and retain it for the time necessary to achieve the purpose for which it is used, depending on each case. Once these purposes have been achieved, they may be duly blocked if necessary for the exercise, formulation, or defense of actions and claims related to their use. After these periods have expired, the information will be deleted.<\/p>\n<p>No international transfer of data is foreseen by the publisher of the Website. This is without prejudice to the transfers that, in each case, third-party cookie installers on our Website may make.<\/p>\n<p>&nbsp;<\/p>\n<p><strong>Quant de temps conservem les dades? Les transferim internacionalment?<\/strong><\/p>\n<p>Si recopilem dades considerades, d&#8217;acord amb la normativa vigent, com a dades personals mitjan\u00e7ant l&#8217;\u00fas de cookies, les processarem i conservarem durant el temps necessari per aconseguir la finalitat per a la qual s&#8217;utilitzen, depenent de cada cas. Un cop assolides aquestes finalitats, podran ser degudament bloquejades si cal per a l&#8217;exercici, la formulaci\u00f3 o la defensa d&#8217;accions i reclamacions relacionades amb el seu \u00fas. Transcorreguts aquests terminis, la informaci\u00f3 ser\u00e0 eliminada.<\/p>\n<p>No es preveu cap transfer\u00e8ncia internacional de dades per part de l&#8217;editor del lloc web. Aix\u00f2 sense perjudici de les transfer\u00e8ncies que, en cada cas, puguin realitzar els instal\u00b7ladors de cookies de tercers al nostre lloc web.<\/p>\n<p><strong>Gesti\u00f3 de cookies<\/strong><\/p>\n<p>Podeu gestionar la vostra experi\u00e8ncia respecte a les cookies utilitzades per aquest lloc web a la nostra Consola de configuraci\u00f3.<\/p>\n<p>A continuaci\u00f3, us proporcionem informaci\u00f3 addicional sobre com podeu gestionar, visualitzar i modificar les cookies al vostre navegador.<\/p>\n<p><span style=\"text-decoration: underline;\">Visualitzaci\u00f3 de cookies<\/span><\/p>\n<p>Tots els navegadors moderns ofereixen als usuaris la possibilitat de cercar i visualitzar les cookies instal\u00b7lades per un lloc web espec\u00edfic, obtenir informaci\u00f3 sobre la seva durada i l&#8217;opci\u00f3 d&#8217;eliminar-les, tal com s&#8217;indica a la secci\u00f3 seg\u00fcent. A continuaci\u00f3 trobareu alguns enlla\u00e7os informatius sobre aquest tema per als navegadors utilitzats:<\/p>\n<p>Google Chrome: https:\/\/support.google.com\/chrome\/answer\/95647?hl=es<\/p>\n<p>Mozilla Firefox: https:\/\/support.mozilla.org\/es\/kb\/Borrar%20cookies<\/p>\n<p>Microsoft Edge: https:\/\/support.microsoft.com\/es-es\/microsoft-edge\/configurar-la-privacidad-para-que-sea-adecuada-para-ti-8c923c9d-4ef2-849d-a399-4de716ecbbaf<\/p>\n<p>Safari: https:\/\/support.apple.com\/es-es\/guide\/safari\/sfri11471\/mac<\/p>\n<p><strong>Desactivaci\u00f3 o eliminaci\u00f3 de galetes (cookies)<\/strong><\/p>\n<p>Feu que el vostre navegador rebutgi totes les galetes i, per tant, impedeixi que s&#8217;instal\u00b7li cap p\u00e0gina web al vostre dispositiu.<\/p>\n<p>El vostre navegador us hauria d&#8217;avisar abans que s&#8217;instal\u00b7li una galeta perqu\u00e8 pugueu decidir si accepteu o no la seva instal\u00b7laci\u00f3.<\/p>\n<p>El vostre navegador nom\u00e9s hauria de rebutjar les galetes de tercers dels llocs web que visiteu, per\u00f2 no les que utilitza el lloc web pel qual esteu navegant.<\/p>\n<p>L&#8217;opci\u00f3 de mode de navegaci\u00f3 privada, a trav\u00e9s del qual les galetes s&#8217;instal\u00b7len al vostre dispositiu per\u00f2 s&#8217;eliminen autom\u00e0ticament quan finalitzeu la vostra experi\u00e8ncia de navegaci\u00f3.<\/p>\n<p><span style=\"text-decoration: underline;\">A continuaci\u00f3, trobareu alguns enlla\u00e7os informatius sobre aquest tema per als navegadors m\u00e9s utilitzats:<\/span><\/p>\n<p>Google Chrome: https:\/\/support.google.com\/chrome\/answer\/95647?hl=es<\/p>\n<p>Mozilla Firefox: https:\/\/support.mozilla.org\/es\/kb\/Borrar%20cookies<\/p>\n<p>Microsoft Edge: https:\/\/support.microsoft.com\/es-es\/microsoft-edge\/eliminar-las-cookies-en-microsoft-edge-63947406-40ac-c3b8-57b9-2a946a29ae09<\/p>\n<p>Safari: https:\/\/support.apple.com\/es-es\/guide\/safari\/sfri11471\/mac<\/p>\n","protected":false},"excerpt":{"rendered":"<p>En compliment de la Llei 34\/2002, d&#8217;11 de juliol, de serveis de la societat de la informaci\u00f3 i del comer\u00e7 electr\u00f2nic (LSSI o LSSICE), l&#8217;informem que https:\/\/dronmf.es (d&#8217;ara endavant, &#8220;Lloc web&#8221;) utilitza cookies i tecnologies similars d&#8217;emmagatzematge i recuperaci\u00f3 d&#8217;informaci\u00f3 (d&#8217;ara endavant, &#8220;Cookies&#8221;) amb l&#8217;objectiu de garantir l&#8217;acc\u00e9s a determinades funcionalitats i, addicionalment, millorar la [&hellip;]<\/p>\n","protected":false},"author":1,"featured_media":0,"parent":0,"menu_order":0,"comment_status":"closed","ping_status":"closed","template":"","meta":{"_et_pb_use_builder":"","_et_pb_old_content":"","_et_gb_content_width":"","footnotes":""},"class_list":["post-793","page","type-page","status-publish","hentry"],"_links":{"self":[{"href":"https:\/\/dronmf.es\/ca\/wp-json\/wp\/v2\/pages\/793","targetHints":{"allow":["GET"]}}],"collection":[{"href":"https:\/\/dronmf.es\/ca\/wp-json\/wp\/v2\/pages"}],"about":[{"href":"https:\/\/dronmf.es\/ca\/wp-json\/wp\/v2\/types\/page"}],"author":[{"embeddable":true,"href":"https:\/\/dronmf.es\/ca\/wp-json\/wp\/v2\/users\/1"}],"replies":[{"embeddable":true,"href":"https:\/\/dronmf.es\/ca\/wp-json\/wp\/v2\/comments?post=793"}],"version-history":[{"count":3,"href":"https:\/\/dronmf.es\/ca\/wp-json\/wp\/v2\/pages\/793\/revisions"}],"predecessor-version":[{"id":799,"href":"https:\/\/dronmf.es\/ca\/wp-json\/wp\/v2\/pages\/793\/revisions\/799"}],"wp:attachment":[{"href":"https:\/\/dronmf.es\/ca\/wp-json\/wp\/v2\/media?parent=793"}],"curies":[{"name":"wp","href":"https:\/\/api.w.org\/{rel}","templated":true}]}}